{"id":18,"date":"2016-05-17T07:11:22","date_gmt":"2016-05-17T07:11:22","guid":{"rendered":"http:\/\/eqpack.se.loopiadns.com\/?page_id=18"},"modified":"2020-05-25T07:47:32","modified_gmt":"2020-05-25T07:47:32","slug":"branscher","status":"publish","type":"page","link":"https:\/\/eqpack.se\/en\/branscher\/","title":{"rendered":"Industries"},"content":{"rendered":"<div class=\"vc_row wpb_row vc_row-fluid dt-default\" style=\"margin-top: 0px;margin-bottom: 0px\"><div class=\"wpb_column vc_column_container vc_col-sm-6\"><div class=\"vc_column-inner\"><div class=\"wpb_wrapper\">\n\t<div class=\"wpb_text_column wpb_content_element\" >\n\t\t<div class=\"wpb_wrapper\">\n\t\t\t<p>Do you need customized solutions to your packaging problems? Based on our own experience and through our wide network we fulfill your wishes.<br \/>\nPackaging needs are changing and often something is needed more than standard standard solutions.<\/p>\n<p>We help you find the material or product that suits you best. Based on our knowledge of products, materials and packaging, we always focus on your need for individual packaging solutions.<\/p>\n\n\t\t<\/div>\n\t<\/div>\n<\/div><\/div><\/div><div class=\"wpb_column vc_column_container vc_col-sm-6\"><div class=\"vc_column-inner\"><div class=\"wpb_wrapper\">\n\t<div class=\"wpb_text_column wpb_content_element\" >\n\t\t<div class=\"wpb_wrapper\">\n\t\t\t<p>With great knowledge and the right equipment, we develop and manufacture packaging, and prototypes. We guide you through the entire process, from idea to finished product.<\/p>\n<p>Contact us and tell us what you need. We find solutions to most packaging problems. Below you will find examples of products, materials and special solutions that we have made for our customers.<\/p>\n\n\t\t<\/div>\n\t<\/div>\n<\/div><\/div><\/div><\/div><div class=\"vc_row wpb_row vc_row-fluid dt-default\" style=\"margin-top: 0px;margin-bottom: 0px\"><div class=\"wpb_column vc_column_container vc_col-sm-12\"><div class=\"vc_column-inner\"><div class=\"wpb_wrapper\">\n\t<div class=\"wpb_text_column wpb_content_element\" >\n\t\t<div class=\"wpb_wrapper\">\n\t\t\t<h4>We specialize in packaging solutions for:<\/h4>\n\n\t\t<\/div>\n\t<\/div>\n<div class=\"dt-shortcode with-isotope\"><div class=\"wf-container dt-portfolio-shortcode loading-effect-none iso-grid bg-under-post description-under-image content-align-left\" data-padding=\"10px\" data-cur-page=\"1\" data-posts-per-page=\"-1\" data-width=\"200px\" data-columns=\"4\">\n<div class=\"wf-cell\" data-post-id=\"226\" data-date=\"2016-06-01T18:19:00+00:00\" data-name=\"Fordon- &amp; verkstadsindustri\">\n<article class=\"post post-226 dt_portfolio type-dt_portfolio status-publish has-post-thumbnail hentry dt_portfolio_category-branscher dt_portfolio_category-7 media-wide bg-on fullwidth-img\">\n\n\t<div class=\"project-list-media\">\n\t<figure class=\"buttons-on-img forward-post\">\n\t\t<a href=\"https:\/\/eqpack.se\/en\/produkter\/fordon-verkstadsindustri\/\" class=\"alignnone rollover layzr-bg\" title=\"Fordon - Automotive\"  aria-label=\"Post image\"><img class=\"preload-me iso-lazy-load\" src=\"data:image\/svg+xml,%3Csvg%20xmlns%3D&#39;http%3A%2F%2Fwww.w3.org%2F2000%2Fsvg&#39;%20viewBox%3D&#39;0%200%20300%20168&#39;%2F%3E\" data-src=\"https:\/\/mediaeqpack.eqpack.se\/2016\/05\/fordon-300x168.jpg\" data-srcset=\"https:\/\/mediaeqpack.eqpack.se\/2016\/05\/fordon-300x168.jpg 300w, https:\/\/mediaeqpack.eqpack.se\/2016\/05\/fordon-600x336.jpg 600w\" alt=\"\" width=\"300\" height=\"168\"  \/><\/a>\t\t\t<\/figure>\n<\/div>\n<div class=\"project-list-content\">\n\t<h3 class=\"entry-title\"><a href=\"https:\/\/eqpack.se\/en\/produkter\/fordon-verkstadsindustri\/\" title=\"Vehicle &amp; engineering\" rel=\"bookmark\">Vehicle &amp; engineering<\/a><\/h3><p>Vehicle and engineering The Swedish automotive and engineering industry and its subcontractors are major customers to us. Their requirements for packaging and packaging vary depending on application. Often it is required that the materials are clean, shock absorbing, resistant to oils and acids, protect against corrosion, can be reused and are easy for better ergonomics and economy. Packaging for vehicles\u2026<\/p>\n<\/div>\n<\/article>\n\n<\/div>\n<div class=\"wf-cell\" data-post-id=\"218\" data-date=\"2016-06-01T11:03:03+00:00\" data-name=\"Elektronik\">\n<article class=\"post post-218 dt_portfolio type-dt_portfolio status-publish has-post-thumbnail hentry dt_portfolio_category-branscher dt_portfolio_category-7 media-wide bg-on fullwidth-img\">\n\n\t<div class=\"project-list-media\">\n\t<figure class=\"buttons-on-img forward-post\">\n\t\t<a href=\"https:\/\/eqpack.se\/en\/produkter\/elektronik\/\" class=\"alignnone rollover layzr-bg\" title=\"Electronics\"  aria-label=\"Post image\"><img class=\"preload-me iso-lazy-load\" src=\"data:image\/svg+xml,%3Csvg%20xmlns%3D&#39;http%3A%2F%2Fwww.w3.org%2F2000%2Fsvg&#39;%20viewBox%3D&#39;0%200%20300%20168&#39;%2F%3E\" data-src=\"https:\/\/mediaeqpack.eqpack.se\/2016\/05\/electronics-300x168.jpg\" data-srcset=\"https:\/\/mediaeqpack.eqpack.se\/2016\/05\/electronics-300x168.jpg 300w, https:\/\/mediaeqpack.eqpack.se\/2016\/05\/electronics-600x336.jpg 600w\" alt=\"\" width=\"300\" height=\"168\"  \/><\/a>\t\t\t<\/figure>\n<\/div>\n<div class=\"project-list-content\">\n\t<h3 class=\"entry-title\"><a href=\"https:\/\/eqpack.se\/en\/produkter\/elektronik\/\" title=\"Electronics\" rel=\"bookmark\">Electronics<\/a><\/h3><p>Electronics Packaging and packaging for electronics products must be antistatic, clean and shock absorbing. They must also have a good, often elegant look. For electronics packaging, we mainly work with foamed materials that are antistatic, shock absorbing and insulating. We manufacture both inner packaging and boxes, which are fast and easy to pack and which are completely recyclable. The products ...<\/p>\n<\/div>\n<\/article>\n\n<\/div>\n<div class=\"wf-cell\" data-post-id=\"228\" data-date=\"2016-05-31T11:20:47+00:00\" data-name=\"L\u00e4kemedelsindustri\">\n<article class=\"post post-228 dt_portfolio type-dt_portfolio status-publish has-post-thumbnail hentry dt_portfolio_category-branscher dt_portfolio_category-7 media-wide bg-on fullwidth-img\">\n\n\t<div class=\"project-list-media\">\n\t<figure class=\"buttons-on-img forward-post\">\n\t\t<a href=\"https:\/\/eqpack.se\/en\/produkter\/lakemedelsindustri\/\" class=\"alignnone rollover layzr-bg\" title=\"Lekemedlesindustri\"  aria-label=\"Post image\"><img class=\"preload-me iso-lazy-load\" src=\"data:image\/svg+xml,%3Csvg%20xmlns%3D&#39;http%3A%2F%2Fwww.w3.org%2F2000%2Fsvg&#39;%20viewBox%3D&#39;0%200%20300%20168&#39;%2F%3E\" data-src=\"https:\/\/mediaeqpack.eqpack.se\/2016\/05\/medicin-300x168.jpg\" data-srcset=\"https:\/\/mediaeqpack.eqpack.se\/2016\/05\/medicin-300x168.jpg 300w, https:\/\/mediaeqpack.eqpack.se\/2016\/05\/medicin-600x336.jpg 600w\" alt=\"\" width=\"300\" height=\"168\"  \/><\/a>\t\t\t<\/figure>\n<\/div>\n<div class=\"project-list-content\">\n\t<h3 class=\"entry-title\"><a href=\"https:\/\/eqpack.se\/en\/produkter\/lakemedelsindustri\/\" title=\"Pharmaceutical industry\" rel=\"bookmark\">Pharmaceutical industry<\/a><\/h3><p>Pharmaceutical industry Pharmaceuticals and other medical equipment must be packaged in a clean environment. The fact that the packaging looks good and can be delivered in large volumes is also a requirement of the industry. We have the solutions that the pharmaceutical industry needs. Plastic materials such as ductile plastic and plasticwell are easy to keep clean and have many other advantages, for example: Resists\u2026<\/p>\n<\/div>\n<\/article>\n\n<\/div>\n<div class=\"wf-cell\" data-post-id=\"231\" data-date=\"2016-05-30T11:23:08+00:00\" data-name=\"Livsmedelsindustri\">\n<article class=\"post post-231 dt_portfolio type-dt_portfolio status-publish has-post-thumbnail hentry dt_portfolio_category-branscher dt_portfolio_category-7 media-wide bg-on fullwidth-img\">\n\n\t<div class=\"project-list-media\">\n\t<figure class=\"buttons-on-img forward-post\">\n\t\t<a href=\"https:\/\/eqpack.se\/en\/produkter\/livsmedelsindustri\/\" class=\"alignnone rollover layzr-bg\" title=\"Food industry\"  aria-label=\"Post image\"><img class=\"preload-me iso-lazy-load\" src=\"data:image\/svg+xml,%3Csvg%20xmlns%3D&#39;http%3A%2F%2Fwww.w3.org%2F2000%2Fsvg&#39;%20viewBox%3D&#39;0%200%20300%20168&#39;%2F%3E\" data-src=\"https:\/\/mediaeqpack.eqpack.se\/2016\/05\/livsmedel1-300x168.jpg\" data-srcset=\"https:\/\/mediaeqpack.eqpack.se\/2016\/05\/livsmedel1-300x168.jpg 300w, https:\/\/mediaeqpack.eqpack.se\/2016\/05\/livsmedel1-600x336.jpg 600w\" alt=\"\" width=\"300\" height=\"168\"  \/><\/a>\t\t\t<\/figure>\n<\/div>\n<div class=\"project-list-content\">\n\t<h3 class=\"entry-title\"><a href=\"https:\/\/eqpack.se\/en\/produkter\/livsmedelsindustri\/\" title=\"Food industry\" rel=\"bookmark\">Food industry<\/a><\/h3><p>Food industry Purity is very important when food is packaged. Packaging to be seen in store environments must also have a nice finish. The industry also requires that packaging can be produced in large volumes. We have the packaging solutions that the food industry needs. Plastic materials such as ductile plastic and plasticwell are easy to keep clean and have many others\u2026<\/p>\n<\/div>\n<\/article>\n\n<\/div><\/div><\/div><\/div><\/div><\/div><\/div><div class=\"vc_row wpb_row vc_row-fluid dt-default\" style=\"margin-top: 0px;margin-bottom: 0px\"><div class=\"wpb_column vc_column_container vc_col-sm-12\"><div class=\"vc_column-inner\"><div class=\"wpb_wrapper\">\n\t<div class=\"wpb_text_column wpb_content_element\" >\n\t\t<div class=\"wpb_wrapper\">\n\t\t\t<p style=\"text-align: right;\">\n\n\t\t<\/div>\n\t<\/div>\n<\/div><\/div><\/div><\/div>","protected":false},"excerpt":{"rendered":"<p>Beh\u00f6ver ni skr\u00e4ddarsydda l\u00f6sningar p\u00e5 era emballageproblem? Utifr\u00e5n v\u00e5r egen erfarenhet och genom v\u00e5rt breda n\u00e4tverk uppfyller vi era \u00f6nskem\u00e5l. Emballagebehoven skiftar och ofta beh\u00f6vs det n\u00e5got mer \u00e4n vanliga standardl\u00f6sningar. Vi hj\u00e4lper er att hitta det material eller den produkt som passar er b\u00e4st. Utifr\u00e5n v\u00e5r kunskap om produkter, material och emballage fokuserar vi&hellip;<\/p>","protected":false},"author":1,"featured_media":0,"parent":0,"menu_order":0,"comment_status":"closed","ping_status":"closed","template":"","meta":[],"_links":{"self":[{"href":"https:\/\/eqpack.se\/en\/wp-json\/wp\/v2\/pages\/18"}],"collection":[{"href":"https:\/\/eqpack.se\/en\/wp-json\/wp\/v2\/pages"}],"about":[{"href":"https:\/\/eqpack.se\/en\/wp-json\/wp\/v2\/types\/page"}],"author":[{"embeddable":true,"href":"https:\/\/eqpack.se\/en\/wp-json\/wp\/v2\/users\/1"}],"replies":[{"embeddable":true,"href":"https:\/\/eqpack.se\/en\/wp-json\/wp\/v2\/comments?post=18"}],"version-history":[{"count":7,"href":"https:\/\/eqpack.se\/en\/wp-json\/wp\/v2\/pages\/18\/revisions"}],"predecessor-version":[{"id":563,"href":"https:\/\/eqpack.se\/en\/wp-json\/wp\/v2\/pages\/18\/revisions\/563"}],"wp:attachment":[{"href":"https:\/\/eqpack.se\/en\/wp-json\/wp\/v2\/media?parent=18"}],"curies":[{"name":"wp","href":"https:\/\/api.w.org\/{rel}","templated":true}]}}