{"id":20,"date":"2016-05-17T07:12:04","date_gmt":"2016-05-17T07:12:04","guid":{"rendered":"http:\/\/eqpack.se.loopiadns.com\/?page_id=20"},"modified":"2020-06-23T07:51:02","modified_gmt":"2020-06-23T07:51:02","slug":"produkter-och-material","status":"publish","type":"page","link":"https:\/\/eqpack.se\/en\/produkter-och-material\/","title":{"rendered":"Products and materials"},"content":{"rendered":"<div class=\"vc_row wpb_row vc_row-fluid dt-default\" style=\"margin-top: 0px;margin-bottom: 0px\"><div class=\"wpb_column vc_column_container vc_col-sm-6\"><div class=\"vc_column-inner\"><div class=\"wpb_wrapper\">\n\t<div class=\"wpb_text_column wpb_content_element\" >\n\t\t<div class=\"wpb_wrapper\">\n\t\t\t<p><strong>Twinwall plastic<br \/>\n<\/strong>Examples of different applications for twinwall plastic.<strong><br \/>\n<\/strong><\/p>\n\n\t\t<\/div>\n\t<\/div>\n<\/div><\/div><\/div><div class=\"wpb_column vc_column_container vc_col-sm-6\"><div class=\"vc_column-inner\"><div class=\"wpb_wrapper\">\n\t<div class=\"wpb_text_column wpb_content_element\" >\n\t\t<div class=\"wpb_wrapper\">\n\t\t\t\n\t\t<\/div>\n\t<\/div>\n<pre><\/p>\n<\/p>\n<div style=\"width: 1200px;\" class=\"wp-video\"><!--[if lt IE 9]><script>document.createElement('video');<\/script><![endif]-->\n<video class=\"wp-video-shortcode\" id=\"video-20-1\" width=\"1200\" height=\"675\" poster=\"http:\/\/mediaeqpack.eqpack.se\/2020\/06\/f\u00f6rhandsbild-hemsida_Rityta-1.png\" preload=\"metadata\" controls=\"controls\"><source type=\"video\/mp4\" src=\"http:\/\/mediaeqpack.eqpack.se\/2020\/06\/Produkter-Engelska.comp_.mp4?_=1\" \/><a href=\"http:\/\/mediaeqpack.eqpack.se\/2020\/06\/Produkter-Engelska.comp_.mp4\">http:\/\/mediaeqpack.eqpack.se\/2020\/06\/Produkter-Engelska.comp_.mp4<\/a><\/video><\/div>\n<p>\n<div class=\"vc_row wpb_row vc_row-fluid dt-default\" style=\"margin-top: 0px;margin-bottom: 0px\"><\/div><div class=\"wpb_column vc_column_container vc_col-sm-12\"><div class=\"vc_column-inner\"><div class=\"wpb_wrapper\"><\/div><\/div><\/div><\/div><\/div><\/div><\/div><div class=\"vc_row wpb_row vc_row-fluid dt-default\" style=\"margin-top: 0px;margin-bottom: 0px\"><div class=\"wpb_column vc_column_container vc_col-sm-12\"><div class=\"vc_column-inner\"><div class=\"wpb_wrapper\">\n\t<div class=\"wpb_text_column wpb_content_element\" >\n\t\t<div class=\"wpb_wrapper\">\n\t\t\t\n\t\t<\/div>\n\t<\/div>\n<\/div><\/div><\/div><\/div>","protected":false},"excerpt":{"rendered":"<p>Kanalplast Exempel p\u00e5 olika anv\u00e4ndningsomr\u00e5den f\u00f6r kanalplast. http:\/\/mediaeqpack.eqpack.se\/2020\/06\/Produkter-Engelska.comp_.mp4<\/p>","protected":false},"author":1,"featured_media":0,"parent":0,"menu_order":0,"comment_status":"closed","ping_status":"closed","template":"template-portfolio-masonry.php","meta":[],"_links":{"self":[{"href":"https:\/\/eqpack.se\/en\/wp-json\/wp\/v2\/pages\/20"}],"collection":[{"href":"https:\/\/eqpack.se\/en\/wp-json\/wp\/v2\/pages"}],"about":[{"href":"https:\/\/eqpack.se\/en\/wp-json\/wp\/v2\/types\/page"}],"author":[{"embeddable":true,"href":"https:\/\/eqpack.se\/en\/wp-json\/wp\/v2\/users\/1"}],"replies":[{"embeddable":true,"href":"https:\/\/eqpack.se\/en\/wp-json\/wp\/v2\/comments?post=20"}],"version-history":[{"count":14,"href":"https:\/\/eqpack.se\/en\/wp-json\/wp\/v2\/pages\/20\/revisions"}],"predecessor-version":[{"id":852,"href":"https:\/\/eqpack.se\/en\/wp-json\/wp\/v2\/pages\/20\/revisions\/852"}],"wp:attachment":[{"href":"https:\/\/eqpack.se\/en\/wp-json\/wp\/v2\/media?parent=20"}],"curies":[{"name":"wp","href":"https:\/\/api.w.org\/{rel}","templated":true}]}}