{"id":435,"date":"2018-06-28T11:33:47","date_gmt":"2018-06-28T11:33:47","guid":{"rendered":"http:\/\/eqpack.se\/?page_id=435"},"modified":"2020-06-16T13:26:07","modified_gmt":"2020-06-16T13:26:07","slug":"insamling-av-data-samt-anvandning-av-cookies","status":"publish","type":"page","link":"https:\/\/eqpack.se\/en\/insamling-av-data-samt-anvandning-av-cookies\/","title":{"rendered":"Collection of data and use of cookies"},"content":{"rendered":"<div id=\"content\" class=\"content\" role=\"main\">\n<div id=\"content\" class=\"content\" role=\"main\">\n<h2>Data gathering<\/h2>\n<p>You can use our website without providing any personal information. Via ev. contact and order forms on the website you have the opportunity to ask questions, order information or contact us. When requesting contact, we ask you to fill in the information needed to meet your request as well as for further contacts in the current case, such as name, address, telephone number, e-mail address, or other personal information. You give your consent to the collection via a check box in the form. We use personal information only to fulfill the current purpose, such as orders, and for contacts in the current case. The information may be disclosed to our partners in cases where a partner is engaged to administer the mailing of the material or information in question, but will not otherwise be disclosed to others.<\/p>\n<p><strong>Right of cancellation<br \/>\n<\/strong>You have the right at any time to withdraw your consent to use your personal data in the future or to request correction of your personal data that we process. Contact us if you want to make another correction:<\/p>\n<p><strong>EQpack AB<\/strong><br \/>\nPostal address:<br \/>\nBox 577, 631 08 Eskilstuna<\/p>\n<h2><strong>Handling of personal data, GDPR<\/strong><\/h2>\n<p>We handle all information with integrity and never disclose it to third parties, unless there is a legitimate reason. One such reason may be that it is required to fulfill the customer's order or delivery.<\/p>\n<h2><strong>Cookies<\/strong><\/h2>\n<p>A cookie is a short text file stored on your computer. Web pages use cookies to remember and save the choices you have made. Therefore, even without being logged in, a website may remember things about you the next time you visit the site and automatically fill out forms with the answers you have previously provided. Only the site that has set a cookie can read their own cookie. We use two types of cookies, session cookies and so-called fixed cookies.<\/p>\n<p><strong>To consent to cookies<br \/>\n<\/strong>If your browser is set to allow cookies, you have given your consent that we place cookies on your computer. You can withdraw your consent by changing your browser settings.<\/p>\n<p><strong>If you do not want to allow the cookie<br \/>\n<\/strong>If you do not want to allow the use of cookies, you can turn them off in your browser settings. You can also set the browser to alert you every time the site tries to save a cookie on your computer. The browser can also delete previously stored cookies. See your browser's help pages for more information on how to do this.<\/p>\n<p><strong>No to web statistics?<br \/>\n<\/strong>If you do not want your visits to our site to appear in Google Analytics statistics, you can install an extension in your browser. The extension is available for Internet Explorer, Google Chrome, Mozilla Firefox, Apple Safari and Opera browsers. You can download the extension from <a href=\"http:\/\/tools.google.com\/dlpage\/gaoptout\" target=\"_blank\" rel=\"noopener noreferrer\">Google<\/a> (informationen \u00e4r p\u00e5 engelska).<\/p>\n<p><strong>Social Media<br \/>\n<\/strong>We sometimes use Instagram as well as links to it. Information about cookies for social media can be found here:<br \/>\n<a href=\"https:\/\/www.instagram.com\/legal\/cookies\/\" target=\"_blank\" rel=\"noopener noreferrer\">Cookie on Instagram (English)<\/a><\/p>\n<h2><strong>More about cookies <\/strong><\/h2>\n<p><strong>Sessions-cookies<br \/>\n<\/strong>On our website we use most session cookies. They help us keep track of and recognize your browser. It allows you to use various services on our website such as figuring out what a car insurance can cost or using the My Pages service. Session cookies are not stored permanently on your computer, they disappear when you close your browser.<\/p>\n<p><strong>Fixed cookies<br \/>\n<\/strong>We also use so-called fixed cookies. It is a short text file that allows the site to recognize you on a return visit. It stores information so that, for example, some messages are only displayed once. Fixed cookies are stored in your computer.<\/p>\n<p><strong>Third-party cookies<br \/>\n<\/strong>We also use cookies and other techniques for traffic measurement and behavior analysis. It allows us to improve our websites and customize content.<\/p>\n<h3>Embedded content from other sites<\/h3>\n<p>Articles on this site may contain embedded content (for example, videos, images, articles, etc.). Embedded content from other sites. These sites may collect information about you, use cookie files, embed additional third-party tracking, and monitor your interaction with said embedded content, including tracking your interaction with this embedded content if you have an account and are logged into the site in question.<\/p>\n<\/div>\n<\/div>","protected":false},"excerpt":{"rendered":"<p>Insamling av data Du kan anv\u00e4nda v\u00e5r webbplats utan att l\u00e4mna n\u00e5gra personuppgifter. Via ev. kontakt- och best\u00e4llningsformul\u00e4r p\u00e5 hemsidan har Du m\u00f6jlighet att st\u00e4lla fr\u00e5gor, best\u00e4lla information eller ta kontakt med oss. Vid beg\u00e4ran om kontakt ber vi Dig fylla i s\u00e5dan information som beh\u00f6vs f\u00f6r att tillgodose Din beg\u00e4ran samt f\u00f6r fortsatta kontakter&hellip;<\/p>","protected":false},"author":1,"featured_media":0,"parent":0,"menu_order":0,"comment_status":"closed","ping_status":"closed","template":"","meta":[],"_links":{"self":[{"href":"https:\/\/eqpack.se\/en\/wp-json\/wp\/v2\/pages\/435"}],"collection":[{"href":"https:\/\/eqpack.se\/en\/wp-json\/wp\/v2\/pages"}],"about":[{"href":"https:\/\/eqpack.se\/en\/wp-json\/wp\/v2\/types\/page"}],"author":[{"embeddable":true,"href":"https:\/\/eqpack.se\/en\/wp-json\/wp\/v2\/users\/1"}],"replies":[{"embeddable":true,"href":"https:\/\/eqpack.se\/en\/wp-json\/wp\/v2\/comments?post=435"}],"version-history":[{"count":4,"href":"https:\/\/eqpack.se\/en\/wp-json\/wp\/v2\/pages\/435\/revisions"}],"predecessor-version":[{"id":752,"href":"https:\/\/eqpack.se\/en\/wp-json\/wp\/v2\/pages\/435\/revisions\/752"}],"wp:attachment":[{"href":"https:\/\/eqpack.se\/en\/wp-json\/wp\/v2\/media?parent=435"}],"curies":[{"name":"wp","href":"https:\/\/api.w.org\/{rel}","templated":true}]}}