{"id":559,"date":"2020-05-25T07:55:35","date_gmt":"2020-05-25T07:55:35","guid":{"rendered":"http:\/\/eqpack.se\/?page_id=559"},"modified":"2020-08-17T12:48:01","modified_gmt":"2020-08-17T12:48:01","slug":"eqpack-support-2","status":"publish","type":"page","link":"https:\/\/eqpack.se\/en\/eqpack-support-2\/","title":{"rendered":"Assembly systems"},"content":{"rendered":"<p>&nbsp;<\/p>\n<div class=\"dt-fancy-separator\" style=\"width: 100%;\"><div class=\"dt-fancy-title\"><span class=\"separator-holder separator-left\"><\/span>We offer<span class=\"separator-holder separator-right\"><\/span><\/div><\/div>\n\t<div class=\"wpb_text_column wpb_content_element\" >\n\t\t<div class=\"wpb_wrapper\">\n\t\t\t<p style=\"text-align: center;\">Need help to develop a new work system for your products? Based on our own experience and through<br \/>\nour broad network we meet your needs. Below are some examples of what we offer:<\/p>\n<p style=\"text-align: center;\">Development of production technical solution \/ Quality assurance \/ Lego assembly \/ Widened recruitment base \/ rapid training <br data-rich-text-line-break=\"true\" \/>Infrastructure for assembly \/ A good alternative to robotisation \/ Assembly station for entry jobs <br data-rich-text-line-break=\"true\" \/>Enables assembling in multiple countries \/ Animated or photo instruction<\/p>\n\n\t\t<\/div>\n\t<\/div>\n<div class=\"vc_row wpb_row vc_row-fluid dt-default\" style=\"margin-top: 0px;margin-bottom: 0px\"><div class=\"wpb_column vc_column_container vc_col-sm-12\"><div class=\"vc_column-inner\"><div class=\"wpb_wrapper\"><div class=\"dt-fancy-separator\" style=\"width: 100%;\"><div class=\"dt-fancy-title\"><span class=\"separator-holder separator-left\"><\/span>Product examples<span class=\"separator-holder separator-right\"><\/span><\/div><\/div><\/div><\/div><\/div><\/div><div class=\"vc_row wpb_row vc_row-fluid dt-default\" style=\"margin-top: 0px;margin-bottom: 0px\"><div class=\"wpb_column vc_column_container vc_col-sm-12\"><div class=\"vc_column-inner\"><div class=\"wpb_wrapper\"><\/p>\n<p><\/div><\/div><\/div><\/div><div class=\"vc_row wpb_row vc_row-fluid dt-default\" style=\"margin-top: 0px;margin-bottom: 0px\"><div class=\"wpb_column vc_column_container vc_col-sm-6\"><div class=\"vc_column-inner\"><div class=\"wpb_wrapper\">\n\t<div class=\"wpb_text_column wpb_content_element\" >\n\t\t<div class=\"wpb_wrapper\">\n\t\t\t<p><strong>Assembly line, Protective coat without sleeves.<\/strong><br \/>\n<strong>Staff:<\/strong> 7 people<br \/>\n<strong>Capacity:<\/strong> Capacity: 180 per hour<br \/>\n<strong>Recommended area:<\/strong> 18 x 8 m<br \/>\n<strong>Delivery:<\/strong> Lines ready to ship 5 days from order<br \/>\n<strong>Material:<\/strong> 35 My construction plastic, 2 m wide folded<br \/>\n<strong>Instruction:<\/strong> Step by step animation<\/p>\n\n\t\t<\/div>\n\t<\/div>\n<\/div><\/div><\/div><div class=\"wpb_column vc_column_container vc_col-sm-6\"><div class=\"vc_column-inner\"><div class=\"wpb_wrapper\">\n\t<div class=\"wpb_text_column wpb_content_element\" >\n\t\t<div class=\"wpb_wrapper\">\n\t\t\t\n\t\t<\/div>\n\t<\/div>\n<pre>\r\n\r\n<\/pre>\n<div style=\"width: 1200px;\" class=\"wp-video\"><!--[if lt IE 9]><script>document.createElement('video');<\/script><![endif]-->\n<video class=\"wp-video-shortcode\" id=\"video-559-1\" width=\"1200\" height=\"675\" poster=\"http:\/\/mediaeqpack.eqpack.se\/2020\/06\/utan-\u00e4rmar-eng.png\" preload=\"metadata\" controls=\"controls\"><source type=\"video\/mp4\" src=\"http:\/\/mediaeqpack.eqpack.se\/2020\/06\/without-sleeves.mp4?_=1\" \/><a href=\"http:\/\/mediaeqpack.eqpack.se\/2020\/06\/without-sleeves.mp4\">http:\/\/mediaeqpack.eqpack.se\/2020\/06\/without-sleeves.mp4<\/a><\/video><\/div>\n<p><\/p>\n<p><\/div><\/div><\/div><\/div><div class=\"vc_row wpb_row vc_row-fluid dt-default\" style=\"margin-top: 0px;margin-bottom: 0px\"><div class=\"wpb_column vc_column_container vc_col-sm-6\"><div class=\"vc_column-inner\"><div class=\"wpb_wrapper\">\n\t<div class=\"wpb_text_column wpb_content_element\" >\n\t\t<div class=\"wpb_wrapper\">\n\t\t\t<p><strong>Assembly line, Protective coat with sleeves.<\/strong><br \/>\n<strong>Staff:<\/strong> 7 people<br \/>\n<strong>Capacity:<\/strong> 62 per hour<br \/>\n<strong>Recommended area:<\/strong> 18 x 8 m<br \/>\n<strong>Delivery:<\/strong> 5 Lines ready to ship 5 days from order<br \/>\n<strong>Material:<\/strong> 35 My construction plastic, 2 m wide folded<br \/>\n<strong>Instruction:<\/strong> Step by step animation<\/p>\n\n\t\t<\/div>\n\t<\/div>\n<\/div><\/div><\/div><div class=\"wpb_column vc_column_container vc_col-sm-6\"><div class=\"vc_column-inner\"><div class=\"wpb_wrapper\">\n\t<div class=\"wpb_text_column wpb_content_element\" >\n\t\t<div class=\"wpb_wrapper\">\n\t\t\t\n\t\t<\/div>\n\t<\/div>\n\n<\/p>\n<div style=\"width: 1200px;\" class=\"wp-video\"><video class=\"wp-video-shortcode\" id=\"video-559-2\" width=\"1200\" height=\"675\" poster=\"http:\/\/mediaeqpack.eqpack.se\/2020\/06\/med-\u00e4rmar-eng.png\" preload=\"metadata\" controls=\"controls\"><source type=\"video\/mp4\" src=\"http:\/\/mediaeqpack.eqpack.se\/2020\/06\/with-sleeve.mp4?_=2\" \/><a href=\"http:\/\/mediaeqpack.eqpack.se\/2020\/06\/with-sleeve.mp4\">http:\/\/mediaeqpack.eqpack.se\/2020\/06\/with-sleeve.mp4<\/a><\/video><\/div>\n<p>\n<p><\/div><\/div><\/div><\/div><div class=\"vc_row wpb_row vc_row-fluid dt-default\" style=\"margin-top: 0px;margin-bottom: 0px\"><div class=\"wpb_column vc_column_container vc_col-sm-6\"><div class=\"vc_column-inner\"><div class=\"wpb_wrapper\">\n\t<div class=\"wpb_text_column wpb_content_element\" >\n\t\t<div class=\"wpb_wrapper\">\n\t\t\t<p>Assembly line, Protective Visors<\/p>\n\n\t\t<\/div>\n\t<\/div>\n<\/div><\/div><\/div><div class=\"wpb_column vc_column_container vc_col-sm-6\"><div class=\"vc_column-inner\"><div class=\"wpb_wrapper\">\n\t<div class=\"wpb_text_column wpb_content_element\" >\n\t\t<div class=\"wpb_wrapper\">\n\t\t\t\n\t\t<\/div>\n\t<\/div>\n\n<\/p>\n<div style=\"width: 1200px;\" class=\"wp-video\"><video class=\"wp-video-shortcode\" id=\"video-559-3\" width=\"1200\" height=\"675\" poster=\"http:\/\/mediaeqpack.eqpack.se\/2020\/06\/visir-eng.png\" preload=\"metadata\" controls=\"controls\"><source type=\"video\/mp4\" src=\"http:\/\/mediaeqpack.eqpack.se\/2020\/06\/visir.mp4?_=3\" \/><a href=\"http:\/\/mediaeqpack.eqpack.se\/2020\/06\/visir.mp4\">http:\/\/mediaeqpack.eqpack.se\/2020\/06\/visir.mp4<\/a><\/video><\/div>\n<p>\n<p><\/div><\/div><\/div><\/div><div class=\"vc_row wpb_row vc_row-fluid dt-default\" style=\"margin-top: 0px;margin-bottom: 0px\"><div class=\"wpb_column vc_column_container vc_col-sm-6\"><div class=\"vc_column-inner\"><div class=\"wpb_wrapper\">\n\t<div class=\"wpb_text_column wpb_content_element\" >\n\t\t<div class=\"wpb_wrapper\">\n\t\t\t<p><b>Rollups with security measures<br \/>\n<\/b>F\u00f6rmedlar information p\u00e5 platser d\u00e4r munskydd, desinfektion och avst\u00e5nd \u00e4r n\u00f6dv\u00e4ndigt.<\/p>\n\n\t\t<\/div>\n\t<\/div>\n<\/div><\/div><\/div><div class=\"wpb_column vc_column_container vc_col-sm-6\"><div class=\"vc_column-inner\"><div class=\"wpb_wrapper\">\n\t<div class=\"wpb_text_column wpb_content_element\" >\n\t\t<div class=\"wpb_wrapper\">\n\t\t\t\n\t\t<\/div>\n\t<\/div>\n<p>&nbsp;<\/p>\n<p><img decoding=\"async\" loading=\"lazy\" class=\"wp-image-768 aligncenter\" src=\"http:\/\/mediaeqpack.eqpack.se\/2020\/06\/rollups-hemsida-300x235.png\" alt=\"\" width=\"492\" height=\"385\" srcset=\"http:\/\/mediaeqpack.eqpack.se\/2020\/06\/rollups-hemsida-300x235.png 300w, http:\/\/mediaeqpack.eqpack.se\/2020\/06\/rollups-hemsida-1024x803.png 1024w, http:\/\/mediaeqpack.eqpack.se\/2020\/06\/rollups-hemsida-1536x1205.png 1536w, http:\/\/mediaeqpack.eqpack.se\/2020\/06\/rollups-hemsida-2048x1606.png 2048w\" sizes=\"(max-width: 492px) 100vw, 492px\" \/><\/p>\n<p>&nbsp;<\/p>\n<p><\/div><\/div><\/div><\/div><div class=\"vc_row wpb_row vc_row-fluid dt-default\" style=\"margin-top: 0px;margin-bottom: 0px\"><div class=\"wpb_column vc_column_container vc_col-sm-6\"><div class=\"vc_column-inner\"><div class=\"wpb_wrapper\">\n\t<div class=\"wpb_text_column wpb_content_element\" >\n\t\t<div class=\"wpb_wrapper\">\n\t\t\t<p class=\"product_title entry-title\"><strong>Industrial heat sealer with cutter | Audion SealKid<\/strong><\/p>\n<p>In Stock<\/p>\n\n\t\t<\/div>\n\t<\/div>\n<\/div><\/div><\/div><div class=\"wpb_column vc_column_container vc_col-sm-6\"><div class=\"vc_column-inner\"><div class=\"wpb_wrapper\">\n\t<div class=\"wpb_text_column wpb_content_element\" >\n\t\t<div class=\"wpb_wrapper\">\n\t\t\t\n\t\t<\/div>\n\t<\/div>\n<p>&nbsp;<\/p>\n<p><img decoding=\"async\" loading=\"lazy\" class=\"alignnone wp-image-857\" src=\"http:\/\/mediaeqpack.eqpack.se\/2020\/08\/produktbilder-svets2-1-300x200.png\" alt=\"\" width=\"551\" height=\"367\" srcset=\"http:\/\/mediaeqpack.eqpack.se\/2020\/08\/produktbilder-svets2-1-300x200.png 300w, http:\/\/mediaeqpack.eqpack.se\/2020\/08\/produktbilder-svets2-1-1024x683.png 1024w, http:\/\/mediaeqpack.eqpack.se\/2020\/08\/produktbilder-svets2-1-1536x1024.png 1536w, http:\/\/mediaeqpack.eqpack.se\/2020\/08\/produktbilder-svets2-1-2048x1366.png 2048w\" sizes=\"(max-width: 551px) 100vw, 551px\" \/><\/p>\n<p><\/div><\/div><\/div><\/div><div class=\"vc_row wpb_row vc_row-fluid dt-default\" style=\"margin-top: 0px;margin-bottom: 0px\"><div class=\"wpb_column vc_column_container vc_col-sm-12\"><div class=\"vc_column-inner\"><div class=\"wpb_wrapper\"><div class=\"vc_separator wpb_content_element vc_separator_align_center vc_sep_width_100 vc_sep_pos_align_center vc_separator_no_text vc_sep_color_grey\" ><span class=\"vc_sep_holder vc_sep_holder_l\"><span  class=\"vc_sep_line\"><\/span><\/span><span class=\"vc_sep_holder vc_sep_holder_r\"><span  class=\"vc_sep_line\"><\/span><\/span>\n<\/div>\n<p><\/div><\/div><\/div><\/div><div class=\"vc_row wpb_row vc_row-fluid dt-default\" style=\"margin-top: 0px;margin-bottom: 0px\"><div class=\"wpb_column vc_column_container vc_col-sm-6\"><div class=\"vc_column-inner\"><div class=\"wpb_wrapper\">\n\t<div class=\"wpb_text_column wpb_content_element\" >\n\t\t<div class=\"wpb_wrapper\">\n\t\t\t<h3>EQpack Support - Professionals on work systems<\/h3>\n<p>The film describes the work system we offer. The work system enables people to work regardless of education, experience or language skills. We have delivered several systems and will normally deliver these within a few working days. We can also develop the system for new products and assembly. For example, if you need new instructions for asssembling or developing a whole new work system, we are the company for you. The system fits products that are asssembled periodically or for volumes where a robot is not optimal. <\/p>\n\n\t\t<\/div>\n\t<\/div>\n<\/div><\/div><\/div><div class=\"wpb_column vc_column_container vc_col-sm-6\"><div class=\"vc_column-inner\"><div class=\"wpb_wrapper\">\n\t<div class=\"wpb_text_column wpb_content_element\" >\n\t\t<div class=\"wpb_wrapper\">\n\t\t\t\n\t\t<\/div>\n\t<\/div>\n<h3>Vision<\/h3>\n\n<\/p>\n<div style=\"width: 1200px;\" class=\"wp-video\"><video class=\"wp-video-shortcode\" id=\"video-559-4\" width=\"1200\" height=\"675\" poster=\"http:\/\/mediaeqpack.eqpack.se\/2020\/06\/vision.png\" preload=\"metadata\" controls=\"controls\"><source type=\"video\/mp4\" src=\"http:\/\/mediaeqpack.eqpack.se\/2020\/06\/vision.mp4?_=4\" \/><a href=\"http:\/\/mediaeqpack.eqpack.se\/2020\/06\/vision.mp4\">http:\/\/mediaeqpack.eqpack.se\/2020\/06\/vision.mp4<\/a><\/video><\/div>\n<p>\n<p><\/div><\/div><\/div><\/div><div class=\"vc_row wpb_row vc_row-fluid dt-default\" style=\"margin-top: 0px;margin-bottom: 0px\"><div class=\"wpb_column vc_column_container vc_col-sm-12\"><div class=\"vc_column-inner\"><div class=\"wpb_wrapper\"><div class=\"dt-fancy-separator\" style=\"width: 100%;\"><div class=\"dt-fancy-title\"><span class=\"separator-holder separator-left\"><\/span>Process<span class=\"separator-holder separator-right\"><\/span><\/div><\/div>\n<div class=\"wpb_column vc_column_container vc_col-sm-6\">\n<div class=\"vc_column-inner\">\n<div class=\"wpb_wrapper\">\n<div class=\"wpb_text_column wpb_content_element\">\n<div class=\"wpb_wrapper\">\n<p>We help you develop the work system that you need and which is best for your product. Based on our knowledge of\nvisualization, materials and packaging, we always focus on your needs.<\/p>\n<\/div>\n<\/div>\n<\/div>\n<\/div>\n<\/div>\n<div class=\"wpb_column vc_column_container vc_col-sm-6\">\n<div class=\"vc_column-inner\">\n<div class=\"wpb_wrapper\">\n<div class=\"wpb_text_column wpb_content_element\">\n<div class=\"wpb_wrapper\">\n<p>We develop and manufacture work systems, packaging, packaging and prototypes.\nWe guide you through the entire process, from idea to finished product.<\/p>\n<\/div>\n<\/div>\n<\/div>\n<\/div>\n<\/div>\n<div class=\"vc_separator wpb_content_element vc_separator_align_center vc_sep_width_100 vc_sep_pos_align_center vc_separator_no_text vc_sep_color_grey\" ><span class=\"vc_sep_holder vc_sep_holder_l\"><span  class=\"vc_sep_line\"><\/span><\/span><span class=\"vc_sep_holder vc_sep_holder_r\"><span  class=\"vc_sep_line\"><\/span><\/span>\n<\/div><\/div><\/div><\/div><\/div><div class=\"vc_row wpb_row vc_row-fluid dt-default\" style=\"margin-top: 0px;margin-bottom: 0px\"><div class=\"wpb_column vc_column_container vc_col-sm-12\"><div class=\"vc_column-inner\"><div class=\"wpb_wrapper\"><div class=\"dt-fancy-separator\" style=\"width: 100%;\"><div class=\"dt-fancy-title\"><span class=\"separator-holder separator-left\"><\/span>Entry jobs<span class=\"separator-holder separator-right\"><\/span><\/div><\/div>\n<p><\/div><\/div><\/div><\/div><div class=\"vc_row wpb_row vc_row-fluid dt-default\" style=\"margin-top: 0px;margin-bottom: 0px\"><div class=\"wpb_column vc_column_container vc_col-sm-6\"><div class=\"vc_column-inner\"><div class=\"wpb_wrapper\">\n\t<div class=\"wpb_text_column wpb_content_element\" >\n\t\t<div class=\"wpb_wrapper\">\n\t\t\t<p>The work system enables people to work regardless of education, experience or language skills. This makes the system a good tool to use for entry jobs.<\/p>\n\n\t\t<\/div>\n\t<\/div>\n<\/div><\/div><\/div><div class=\"wpb_column vc_column_container vc_col-sm-6\"><div class=\"vc_column-inner\"><div class=\"wpb_wrapper\">\n\t<div class=\"wpb_text_column wpb_content_element\" >\n\t\t<div class=\"wpb_wrapper\">\n\t\t\t\n\t\t<\/div>\n\t<\/div>\n\r\n<\/pre>\n<div style=\"width: 1200px;\" class=\"wp-video\"><video class=\"wp-video-shortcode\" id=\"video-559-5\" width=\"1200\" height=\"675\" poster=\"http:\/\/mediaeqpack.eqpack.se\/2020\/06\/vision.png\" preload=\"metadata\" controls=\"controls\"><source type=\"video\/mp4\" src=\"http:\/\/mediaeqpack.eqpack.se\/2020\/06\/instegsjobb-engelsk.comp_.mp4?_=5\" \/><a href=\"http:\/\/mediaeqpack.eqpack.se\/2020\/06\/instegsjobb-engelsk.comp_.mp4\">http:\/\/mediaeqpack.eqpack.se\/2020\/06\/instegsjobb-engelsk.comp_.mp4<\/a><\/video><\/div>\n<p><\/p>\n<div class=\"vc_separator wpb_content_element vc_separator_align_center vc_sep_width_100 vc_sep_pos_align_center vc_separator_no_text vc_sep_color_grey\" ><span class=\"vc_sep_holder vc_sep_holder_l\"><span  class=\"vc_sep_line\"><\/span><\/span><span class=\"vc_sep_holder vc_sep_holder_r\"><span  class=\"vc_sep_line\"><\/span><\/span>\n<\/div><\/div><\/div><\/div><\/div><div class=\"vc_row wpb_row vc_row-fluid dt-default\" style=\"margin-top: 0px;margin-bottom: 0px\"><div class=\"wpb_column vc_column_container vc_col-sm-12\"><div class=\"vc_column-inner\"><div class=\"wpb_wrapper\"><div class=\"dt-fancy-separator\" style=\"width: 100%;\"><div class=\"dt-fancy-title\"><span class=\"separator-holder separator-left\"><\/span>Collaborators<span class=\"separator-holder separator-right\"><\/span><\/div><\/div>\n<p style=\"text-align: center;\"><img decoding=\"async\" loading=\"lazy\" class=\"alignnone wp-image-582 size-full\" src=\"http:\/\/mediaeqpack.eqpack.se\/2020\/05\/samarbeten-2-scaled.jpg\" alt=\"\" width=\"2560\" height=\"1293\" srcset=\"http:\/\/mediaeqpack.eqpack.se\/2020\/05\/samarbeten-2-scaled.jpg 2560w, http:\/\/mediaeqpack.eqpack.se\/2020\/05\/samarbeten-2-300x152.jpg 300w, http:\/\/mediaeqpack.eqpack.se\/2020\/05\/samarbeten-2-1024x517.jpg 1024w, http:\/\/mediaeqpack.eqpack.se\/2020\/05\/samarbeten-2-1536x776.jpg 1536w, http:\/\/mediaeqpack.eqpack.se\/2020\/05\/samarbeten-2-2048x1035.jpg 2048w\" sizes=\"(max-width: 2560px) 100vw, 2560px\" \/><\/p>\n<p><\/div><\/div><\/div><\/div><div class=\"vc_row wpb_row vc_row-fluid dt-default\" style=\"margin-top: 0px;margin-bottom: 0px\"><div class=\"wpb_column vc_column_container vc_col-sm-12\"><div class=\"vc_column-inner\"><div class=\"wpb_wrapper\"><div class=\"dt-fancy-separator\" style=\"width: 100%;\"><div class=\"dt-fancy-title\"><span class=\"separator-holder separator-left\"><\/span>Customer references<span class=\"separator-holder separator-right\"><\/span><\/div><\/div><\/div><\/div><\/div><\/div><div class=\"vc_row wpb_row vc_row-fluid dt-default\" style=\"margin-top: 0px;margin-bottom: 0px\"><\/div><div class=\"wpb_column vc_column_container vc_col-sm-12\"><div class=\"vc_column-inner\"><div class=\"wpb_wrapper\"><\/div><\/div><\/div>\n\t<div class=\"wpb_text_column wpb_content_element\" >\n\t\t<div class=\"wpb_wrapper\">\n\t\t\t\n\t\t<\/div>\n\t<\/div>\n<p><img decoding=\"async\" loading=\"lazy\" class=\"wp-image-859  aligncenter\" src=\"http:\/\/mediaeqpack.eqpack.se\/2020\/08\/kundreferenser-300x71.png\" alt=\"\" width=\"993\" height=\"235\" srcset=\"http:\/\/mediaeqpack.eqpack.se\/2020\/08\/kundreferenser-300x71.png 300w, http:\/\/mediaeqpack.eqpack.se\/2020\/08\/kundreferenser-1024x241.png 1024w, http:\/\/mediaeqpack.eqpack.se\/2020\/08\/kundreferenser-1536x362.png 1536w, http:\/\/mediaeqpack.eqpack.se\/2020\/08\/kundreferenser-2048x483.png 2048w\" sizes=\"(max-width: 993px) 100vw, 993px\" \/><\/p>","protected":false},"excerpt":{"rendered":"<p>&nbsp;<\/p>","protected":false},"author":2,"featured_media":0,"parent":0,"menu_order":0,"comment_status":"closed","ping_status":"closed","template":"","meta":[],"_links":{"self":[{"href":"https:\/\/eqpack.se\/en\/wp-json\/wp\/v2\/pages\/559"}],"collection":[{"href":"https:\/\/eqpack.se\/en\/wp-json\/wp\/v2\/pages"}],"about":[{"href":"https:\/\/eqpack.se\/en\/wp-json\/wp\/v2\/types\/page"}],"author":[{"embeddable":true,"href":"https:\/\/eqpack.se\/en\/wp-json\/wp\/v2\/users\/2"}],"replies":[{"embeddable":true,"href":"https:\/\/eqpack.se\/en\/wp-json\/wp\/v2\/comments?post=559"}],"version-history":[{"count":54,"href":"https:\/\/eqpack.se\/en\/wp-json\/wp\/v2\/pages\/559\/revisions"}],"predecessor-version":[{"id":860,"href":"https:\/\/eqpack.se\/en\/wp-json\/wp\/v2\/pages\/559\/revisions\/860"}],"wp:attachment":[{"href":"https:\/\/eqpack.se\/en\/wp-json\/wp\/v2\/media?parent=559"}],"curies":[{"name":"wp","href":"https:\/\/api.w.org\/{rel}","templated":true}]}}