{"id":18,"date":"2016-05-17T07:11:22","date_gmt":"2016-05-17T07:11:22","guid":{"rendered":"http:\/\/eqpack.se.loopiadns.com\/?page_id=18"},"modified":"2020-05-25T07:47:32","modified_gmt":"2020-05-25T07:47:32","slug":"branscher","status":"publish","type":"page","link":"https:\/\/eqpack.se\/sv_se\/branscher\/","title":{"rendered":"Branscher"},"content":{"rendered":"<div class=\"vc_row wpb_row vc_row-fluid dt-default\" style=\"margin-top: 0px;margin-bottom: 0px\"><div class=\"wpb_column vc_column_container vc_col-sm-6\"><div class=\"vc_column-inner\"><div class=\"wpb_wrapper\">\n\t<div class=\"wpb_text_column wpb_content_element \" >\n\t\t<div class=\"wpb_wrapper\">\n\t\t\t<p>Beh\u00f6ver ni skr\u00e4ddarsydda l\u00f6sningar p\u00e5 era emballageproblem? Utifr\u00e5n v\u00e5r egen erfarenhet och genom v\u00e5rt breda n\u00e4tverk uppfyller vi era \u00f6nskem\u00e5l.<br \/>\nEmballagebehoven skiftar och ofta beh\u00f6vs det n\u00e5got mer \u00e4n vanliga standardl\u00f6sningar.<\/p>\n<p>Vi hj\u00e4lper er att hitta det material eller den produkt som passar er b\u00e4st. Utifr\u00e5n v\u00e5r kunskap om produkter, material och emballage fokuserar vi alltid p\u00e5 ert behov av individuella f\u00f6rpackningsl\u00f6sningar.<\/p>\n\n\t\t<\/div>\n\t<\/div>\n<\/div><\/div><\/div><div class=\"wpb_column vc_column_container vc_col-sm-6\"><div class=\"vc_column-inner\"><div class=\"wpb_wrapper\">\n\t<div class=\"wpb_text_column wpb_content_element \" >\n\t\t<div class=\"wpb_wrapper\">\n\t\t\t<p>Med stort kunnande och r\u00e4tt utrustning tar vi fram, utvecklar och tillverkar f\u00f6rpackningar, emballage och prototyper. Vi leder er genom hela processen, fr\u00e5n id\u00e9 till f\u00e4rdig produkt.<\/p>\n<p>Kontakta oss och tala om vad ni beh\u00f6ver. Vi hittar l\u00f6sningar p\u00e5 de flesta emballageproblem. Nedan ser ni exempel p\u00e5 produkter, material och speciall\u00f6sningar som vi har gjort f\u00f6r v\u00e5ra kunder.<\/p>\n\n\t\t<\/div>\n\t<\/div>\n<\/div><\/div><\/div><\/div><div class=\"vc_row wpb_row vc_row-fluid dt-default\" style=\"margin-top: 0px;margin-bottom: 0px\"><div class=\"wpb_column vc_column_container vc_col-sm-12\"><div class=\"vc_column-inner\"><div class=\"wpb_wrapper\">\n\t<div class=\"wpb_text_column wpb_content_element \" >\n\t\t<div class=\"wpb_wrapper\">\n\t\t\t<h4>Vi \u00e4r specialiserade p\u00e5 f\u00f6rpackningsl\u00f6sningar f\u00f6r:<\/h4>\n\n\t\t<\/div>\n\t<\/div>\n<div class=\"dt-shortcode with-isotope\"><div class=\"wf-container dt-portfolio-shortcode loading-effect-none iso-grid bg-under-post description-under-image content-align-left\" data-padding=\"10px\" data-cur-page=\"1\" data-posts-per-page=\"-1\" data-width=\"200px\" data-columns=\"4\">\n<div class=\"wf-cell\" data-post-id=\"226\" data-date=\"2016-06-01T18:19:00+00:00\" data-name=\"Fordon- &amp; verkstadsindustri\">\n<article class=\"post post-226 dt_portfolio type-dt_portfolio status-publish has-post-thumbnail hentry dt_portfolio_category-branscher dt_portfolio_category-7 media-wide bg-on fullwidth-img\">\n\n\t<div class=\"project-list-media\">\n\t<figure class=\"buttons-on-img forward-post\">\n\t\t<a href=\"https:\/\/eqpack.se\/sv_se\/produkter\/fordon-verkstadsindustri\/\" class=\"alignnone rollover layzr-bg\" title=\"Fordon - Automotive\"  aria-label=\"Post image\"><img class=\"preload-me iso-lazy-load\" src=\"data:image\/svg+xml,%3Csvg%20xmlns%3D&#39;http%3A%2F%2Fwww.w3.org%2F2000%2Fsvg&#39;%20viewBox%3D&#39;0%200%20300%20168&#39;%2F%3E\" data-src=\"https:\/\/mediaeqpack.eqpack.se\/2016\/05\/fordon-300x168.jpg\" data-srcset=\"https:\/\/mediaeqpack.eqpack.se\/2016\/05\/fordon-300x168.jpg 300w, https:\/\/mediaeqpack.eqpack.se\/2016\/05\/fordon-600x336.jpg 600w\" alt=\"\" width=\"300\" height=\"168\"  \/><\/a>\t\t\t<\/figure>\n<\/div>\n<div class=\"project-list-content\">\n\t<h3 class=\"entry-title\"><a href=\"https:\/\/eqpack.se\/sv_se\/produkter\/fordon-verkstadsindustri\/\" title=\"Fordon- &#038; verkstadsindustri\" rel=\"bookmark\">Fordon- &#038; verkstadsindustri<\/a><\/h3><p>Fordon- och verkstadsindustri Svensk fordon- och verkstadsindustri och dess underleverant\u00f6rer \u00e4r stora kunder till oss. Deras krav p\u00e5 f\u00f6rpackningar och emballage skiftar beroende p\u00e5 till\u00e4mpning. Ofta kr\u00e4vs att materialen \u00e4r rena, st\u00f6td\u00e4mpande, t\u00e5liga mot oljor och syror, skyddar mot korrosion, kan \u00e5teranv\u00e4ndas samt \u00e4r l\u00e4tta f\u00f6r b\u00e4ttre ergonomi och ekonomi. F\u00f6rpackningar och emballage till fordon-&hellip;<\/p>\n<\/div>\n<\/article>\n\n<\/div>\n<div class=\"wf-cell\" data-post-id=\"218\" data-date=\"2016-06-01T11:03:03+00:00\" data-name=\"Elektronik\">\n<article class=\"post post-218 dt_portfolio type-dt_portfolio status-publish has-post-thumbnail hentry dt_portfolio_category-branscher dt_portfolio_category-7 media-wide bg-on fullwidth-img\">\n\n\t<div class=\"project-list-media\">\n\t<figure class=\"buttons-on-img forward-post\">\n\t\t<a href=\"https:\/\/eqpack.se\/sv_se\/produkter\/elektronik\/\" class=\"alignnone rollover layzr-bg\" title=\"Elektronik\"  aria-label=\"Post image\"><img class=\"preload-me iso-lazy-load\" src=\"data:image\/svg+xml,%3Csvg%20xmlns%3D&#39;http%3A%2F%2Fwww.w3.org%2F2000%2Fsvg&#39;%20viewBox%3D&#39;0%200%20300%20168&#39;%2F%3E\" data-src=\"https:\/\/mediaeqpack.eqpack.se\/2016\/05\/electronics-300x168.jpg\" data-srcset=\"https:\/\/mediaeqpack.eqpack.se\/2016\/05\/electronics-300x168.jpg 300w, https:\/\/mediaeqpack.eqpack.se\/2016\/05\/electronics-600x336.jpg 600w\" alt=\"\" width=\"300\" height=\"168\"  \/><\/a>\t\t\t<\/figure>\n<\/div>\n<div class=\"project-list-content\">\n\t<h3 class=\"entry-title\"><a href=\"https:\/\/eqpack.se\/sv_se\/produkter\/elektronik\/\" title=\"Elektronik\" rel=\"bookmark\">Elektronik<\/a><\/h3><p>Elektronik F\u00f6rpackningar och emballage f\u00f6r elektronikprodukter m\u00e5ste vara antistatiska, rena och st\u00f6td\u00e4mpande. De m\u00e5ste ocks\u00e5 ha ett bra, ofta elegant utseende. F\u00f6r elektronikf\u00f6rpackningar arbetar vi fr\u00e4mst med skummade material som \u00e4r antistatiska, st\u00f6td\u00e4mpande och isolerande. Vi tillverkar b\u00e5de inre emballage och l\u00e5dor, som g\u00e5r fort och l\u00e4tt att packa och som \u00e4r helt \u00e5tervinningsbara. Produkternas&hellip;<\/p>\n<\/div>\n<\/article>\n\n<\/div>\n<div class=\"wf-cell\" data-post-id=\"228\" data-date=\"2016-05-31T11:20:47+00:00\" data-name=\"L\u00e4kemedelsindustri\">\n<article class=\"post post-228 dt_portfolio type-dt_portfolio status-publish has-post-thumbnail hentry dt_portfolio_category-branscher dt_portfolio_category-7 media-wide bg-on fullwidth-img\">\n\n\t<div class=\"project-list-media\">\n\t<figure class=\"buttons-on-img forward-post\">\n\t\t<a href=\"https:\/\/eqpack.se\/sv_se\/produkter\/lakemedelsindustri\/\" class=\"alignnone rollover layzr-bg\" title=\"Lekemedlesindustri\"  aria-label=\"Post image\"><img class=\"preload-me iso-lazy-load\" src=\"data:image\/svg+xml,%3Csvg%20xmlns%3D&#39;http%3A%2F%2Fwww.w3.org%2F2000%2Fsvg&#39;%20viewBox%3D&#39;0%200%20300%20168&#39;%2F%3E\" data-src=\"https:\/\/mediaeqpack.eqpack.se\/2016\/05\/medicin-300x168.jpg\" data-srcset=\"https:\/\/mediaeqpack.eqpack.se\/2016\/05\/medicin-300x168.jpg 300w, https:\/\/mediaeqpack.eqpack.se\/2016\/05\/medicin-600x336.jpg 600w\" alt=\"\" width=\"300\" height=\"168\"  \/><\/a>\t\t\t<\/figure>\n<\/div>\n<div class=\"project-list-content\">\n\t<h3 class=\"entry-title\"><a href=\"https:\/\/eqpack.se\/sv_se\/produkter\/lakemedelsindustri\/\" title=\"L\u00e4kemedelsindustri\" rel=\"bookmark\">L\u00e4kemedelsindustri<\/a><\/h3><p>L\u00e4kemedelsindustri L\u00e4kemedel och annan medicinsk utrustning m\u00e5ste f\u00f6rpackas i en ren milj\u00f6. Att f\u00f6rpackningarna ser bra ut och kan levereras i stora volymer \u00e4r ocks\u00e5 krav som branschen st\u00e4ller. Vi har de l\u00f6sningar som l\u00e4kemedelsbranschen beh\u00f6ver. Plastmaterial som kanalplast och plastwell \u00e4r enkla att h\u00e5lla rena och har m\u00e5nga andra f\u00f6rdelar, till exempel: St\u00e5r emot&hellip;<\/p>\n<\/div>\n<\/article>\n\n<\/div>\n<div class=\"wf-cell\" data-post-id=\"231\" data-date=\"2016-05-30T11:23:08+00:00\" data-name=\"Livsmedelsindustri\">\n<article class=\"post post-231 dt_portfolio type-dt_portfolio status-publish has-post-thumbnail hentry dt_portfolio_category-branscher dt_portfolio_category-7 media-wide bg-on fullwidth-img\">\n\n\t<div class=\"project-list-media\">\n\t<figure class=\"buttons-on-img forward-post\">\n\t\t<a href=\"https:\/\/eqpack.se\/sv_se\/produkter\/livsmedelsindustri\/\" class=\"alignnone rollover layzr-bg\" title=\"Livsmedelsindustri\"  aria-label=\"Post image\"><img class=\"preload-me iso-lazy-load\" src=\"data:image\/svg+xml,%3Csvg%20xmlns%3D&#39;http%3A%2F%2Fwww.w3.org%2F2000%2Fsvg&#39;%20viewBox%3D&#39;0%200%20300%20168&#39;%2F%3E\" data-src=\"https:\/\/mediaeqpack.eqpack.se\/2016\/05\/livsmedel1-300x168.jpg\" data-srcset=\"https:\/\/mediaeqpack.eqpack.se\/2016\/05\/livsmedel1-300x168.jpg 300w, https:\/\/mediaeqpack.eqpack.se\/2016\/05\/livsmedel1-600x336.jpg 600w\" alt=\"\" width=\"300\" height=\"168\"  \/><\/a>\t\t\t<\/figure>\n<\/div>\n<div class=\"project-list-content\">\n\t<h3 class=\"entry-title\"><a href=\"https:\/\/eqpack.se\/sv_se\/produkter\/livsmedelsindustri\/\" title=\"Livsmedelsindustri\" rel=\"bookmark\">Livsmedelsindustri<\/a><\/h3><p>Livsmedelsindustri Renhet \u00e4r A och O n\u00e4r livsmedel f\u00f6rpackas. F\u00f6rpackningar som ska synas i butiksmilj\u00f6er m\u00e5ste \u00e4ven ha en snygg finish. Branschen kr\u00e4ver ocks\u00e5 att f\u00f6rpackningar och emballage kan tas fram i stora volymer. Vi har de f\u00f6rpackningsl\u00f6sningar som livsmedelsbranschen beh\u00f6ver. Plastmaterial som kanalplast och plastwell \u00e4r enkla att h\u00e5lla rena och har m\u00e5nga andra&hellip;<\/p>\n<\/div>\n<\/article>\n\n<\/div><\/div><\/div><\/div><\/div><\/div><\/div><div class=\"vc_row wpb_row vc_row-fluid dt-default\" style=\"margin-top: 0px;margin-bottom: 0px\"><div class=\"wpb_column vc_column_container vc_col-sm-12\"><div class=\"vc_column-inner\"><div class=\"wpb_wrapper\">\n\t<div class=\"wpb_text_column wpb_content_element \" >\n\t\t<div class=\"wpb_wrapper\">\n\t\t\t<p style=\"text-align: right;\">\n\n\t\t<\/div>\n\t<\/div>\n<\/div><\/div><\/div><\/div>\n","protected":false},"excerpt":{"rendered":"<p>Beh\u00f6ver ni skr\u00e4ddarsydda l\u00f6sningar p\u00e5 era emballageproblem? Utifr\u00e5n v\u00e5r egen erfarenhet och genom v\u00e5rt breda n\u00e4tverk uppfyller vi era \u00f6nskem\u00e5l. Emballagebehoven skiftar och ofta beh\u00f6vs det n\u00e5got mer \u00e4n vanliga standardl\u00f6sningar. Vi hj\u00e4lper er att hitta det material eller den produkt som passar er b\u00e4st. Utifr\u00e5n v\u00e5r kunskap om produkter, material och emballage fokuserar vi&hellip;<\/p>\n","protected":false},"author":1,"featured_media":0,"parent":0,"menu_order":0,"comment_status":"closed","ping_status":"closed","template":"","meta":[],"_links":{"self":[{"href":"https:\/\/eqpack.se\/sv_se\/wp-json\/wp\/v2\/pages\/18"}],"collection":[{"href":"https:\/\/eqpack.se\/sv_se\/wp-json\/wp\/v2\/pages"}],"about":[{"href":"https:\/\/eqpack.se\/sv_se\/wp-json\/wp\/v2\/types\/page"}],"author":[{"embeddable":true,"href":"https:\/\/eqpack.se\/sv_se\/wp-json\/wp\/v2\/users\/1"}],"replies":[{"embeddable":true,"href":"https:\/\/eqpack.se\/sv_se\/wp-json\/wp\/v2\/comments?post=18"}],"version-history":[{"count":7,"href":"https:\/\/eqpack.se\/sv_se\/wp-json\/wp\/v2\/pages\/18\/revisions"}],"predecessor-version":[{"id":563,"href":"https:\/\/eqpack.se\/sv_se\/wp-json\/wp\/v2\/pages\/18\/revisions\/563"}],"wp:attachment":[{"href":"https:\/\/eqpack.se\/sv_se\/wp-json\/wp\/v2\/media?parent=18"}],"curies":[{"name":"wp","href":"https:\/\/api.w.org\/{rel}","templated":true}]}}