{"id":22,"date":"2016-05-17T07:12:21","date_gmt":"2016-05-17T07:12:21","guid":{"rendered":"http:\/\/eqpack.se.loopiadns.com\/?page_id=22"},"modified":"2020-05-25T07:50:39","modified_gmt":"2020-05-25T07:50:39","slug":"referenser","status":"publish","type":"page","link":"https:\/\/eqpack.se\/sv_se\/referenser\/","title":{"rendered":"Referenser"},"content":{"rendered":"<div class=\"vc_row wpb_row vc_row-fluid dt-default\" style=\"margin-top: 0px;margin-bottom: 0px\"><div class=\"wpb_column vc_column_container vc_col-sm-12\"><div class=\"vc_column-inner\"><div class=\"wpb_wrapper\">\n\t<div class=\"wpb_text_column wpb_content_element \" >\n\t\t<div class=\"wpb_wrapper\">\n\t\t\t<h2>Mer space med EQSpacer<\/h2>\n\n\t\t<\/div>\n\t<\/div>\n<\/div><\/div><\/div><div class=\"wpb_column vc_column_container vc_col-sm-3\"><div class=\"vc_column-inner\"><div class=\"wpb_wrapper\">\n\t<div class=\"wpb_text_column wpb_content_element \" >\n\t\t<div class=\"wpb_wrapper\">\n\t\t\t<h4>Utmaning:<\/h4>\n<p>Att f\u00e5 ett b\u00e4ttre mellanl\u00e4gg med h\u00f6gre slitstyrka f\u00f6r att den skall kunna anv\u00e4ndas flera g\u00e5nger.<\/p>\n\n\t\t<\/div>\n\t<\/div>\n<\/div><\/div><\/div><div class=\"wpb_column vc_column_container vc_col-sm-3\"><div class=\"vc_column-inner\"><div class=\"wpb_wrapper\">\n\t<div class=\"wpb_text_column wpb_content_element \" >\n\t\t<div class=\"wpb_wrapper\">\n\t\t\t<h4>EQ-l\u00f6sning:<\/h4>\n<p>Byta ut foam mot non-woven och ha en tunnare wellskiva som k\u00e4rnmaterial. Ger en starkare, t\u00e5ligare och tunnare skiva!<\/p>\n\n\t\t<\/div>\n\t<\/div>\n<\/div><\/div><\/div><div class=\"wpb_column vc_column_container vc_col-sm-3\"><div class=\"vc_column-inner\"><div class=\"wpb_wrapper\">\n\t<div class=\"wpb_text_column wpb_content_element \" >\n\t\t<div class=\"wpb_wrapper\">\n\t\t\t<h4>Resultat:<\/h4>\n<p>F\u00f6rutom en skiva som kan \u00e5teranv\u00e4ndas flera g\u00e5nger har transport- och lagringskostnaderna minskat med 50%! Tidigare 1 lastbil+sl\u00e4p i veckan gav 1 lastbil+sl\u00e4p varannan vecka!<\/p>\n\n\t\t<\/div>\n\t<\/div>\n<\/div><\/div><\/div><div class=\"wpb_column vc_column_container vc_col-sm-3\"><div class=\"vc_column-inner\"><div class=\"wpb_wrapper\">\n\t<div class=\"wpb_text_column wpb_content_element \" >\n\t\t<div class=\"wpb_wrapper\">\n\t\t\t<p><img decoding=\"async\" loading=\"lazy\" class=\"alignnone size-medium wp-image-134\" src=\"http:\/\/mediaeqpack.eqpack.se.loopiadns.com\/2016\/05\/ref1-300x208.jpg\" alt=\"ref1\" width=\"300\" height=\"208\" srcset=\"http:\/\/mediaeqpack.eqpack.se\/2016\/05\/ref1-300x208.jpg 300w, http:\/\/mediaeqpack.eqpack.se\/2016\/05\/ref1.jpg 507w\" sizes=\"(max-width: 300px) 100vw, 300px\" \/><\/p>\n\n\t\t<\/div>\n\t<\/div>\n<\/div><\/div><\/div><\/div><div class=\"stripe stripe-style-4\" style=\"background-position: top;background-repeat: no-repeat;background-attachment: scroll;background-size: auto;padding-top: 0px;padding-bottom: 0px;margin-top: 50px;margin-bottom: 50px\"><div class=\"vc_row wpb_row vc_row-fluid\" style=\"\"><div class=\"wpb_column vc_column_container vc_col-sm-12 vc_col-has-fill\"><div class=\"vc_column-inner vc_custom_1463566728329\"><div class=\"wpb_wrapper\">\n\t<div class=\"wpb_text_column wpb_content_element \" >\n\t\t<div class=\"wpb_wrapper\">\n\t\t\t<h2>S\u00e5 sparar vi miljoner \u00e5t v\u00e5r kund<\/h2>\n\n\t\t<\/div>\n\t<\/div>\n<\/div><\/div><\/div><div class=\"wpb_column vc_column_container vc_col-sm-3\"><div class=\"vc_column-inner\"><div class=\"wpb_wrapper\">\n\t<div class=\"wpb_text_column wpb_content_element \" >\n\t\t<div class=\"wpb_wrapper\">\n\t\t\t<h4>Utmaning:<\/h4>\n<p>Kunden har som returemballage en foamp\u00e5se som sitter i var \u00e4nde p\u00e5 varannan vindruta i racks. Detta f\u00f6r att f\u00f6rhindra att rutorna sl\u00e5r mot varandra under transport. Dock har de problem d\u00e5 p\u00e5sarna i princip slits s\u00f6nder varje g\u00e5ng de ska tas av.<\/p>\n\n\t\t<\/div>\n\t<\/div>\n<\/div><\/div><\/div><div class=\"wpb_column vc_column_container vc_col-sm-3\"><div class=\"vc_column-inner\"><div class=\"wpb_wrapper\">\n\t<div class=\"wpb_text_column wpb_content_element \" >\n\t\t<div class=\"wpb_wrapper\">\n\t\t\t<h4>EQ-l\u00f6sning:<\/h4>\n<p>Vi tar fram ett emballage i ett n\u00e5lat polyestermaterial, dyrare i ink\u00f6p men i stort sett om\u00f6jligt att slita s\u00f6nder och slita ut.<\/p>\n\n\t\t<\/div>\n\t<\/div>\n<\/div><\/div><\/div><div class=\"wpb_column vc_column_container vc_col-sm-3\"><div class=\"vc_column-inner\"><div class=\"wpb_wrapper\">\n\t<div class=\"wpb_text_column wpb_content_element \" >\n\t\t<div class=\"wpb_wrapper\">\n\t\t\t<h4>Resultat:<\/h4>\n<p>Fr\u00e5n att ha h\u00e5llit i max tv\u00e5 loopar h\u00e5ller de nu i flera \u00e5r.<\/p>\n\n\t\t<\/div>\n\t<\/div>\n<\/div><\/div><\/div><div class=\"wpb_column vc_column_container vc_col-sm-3\"><div class=\"vc_column-inner\"><div class=\"wpb_wrapper\">\n\t<div class=\"wpb_text_column wpb_content_element \" >\n\t\t<div class=\"wpb_wrapper\">\n\t\t\t<p><img decoding=\"async\" loading=\"lazy\" class=\"alignnone size-medium wp-image-135\" src=\"http:\/\/mediaeqpack.eqpack.se.loopiadns.com\/2016\/05\/ref2-300x208.jpg\" alt=\"ref2\" width=\"300\" height=\"208\" srcset=\"http:\/\/mediaeqpack.eqpack.se\/2016\/05\/ref2-300x208.jpg 300w, http:\/\/mediaeqpack.eqpack.se\/2016\/05\/ref2.jpg 507w\" sizes=\"(max-width: 300px) 100vw, 300px\" \/><\/p>\n\n\t\t<\/div>\n\t<\/div>\n<\/div><\/div><\/div><\/div><\/div><div class=\"vc_row wpb_row vc_row-fluid dt-default\" style=\"margin-top: 0px;margin-bottom: 0px\"><div class=\"wpb_column vc_column_container vc_col-sm-12\"><div class=\"vc_column-inner\"><div class=\"wpb_wrapper\">\n\t<div class=\"wpb_text_column wpb_content_element \" >\n\t\t<div class=\"wpb_wrapper\">\n\t\t\t<h2>Skotts\u00e4kert?<\/h2>\n\n\t\t<\/div>\n\t<\/div>\n<\/div><\/div><\/div><div class=\"wpb_column vc_column_container vc_col-sm-3\"><div class=\"vc_column-inner\"><div class=\"wpb_wrapper\">\n\t<div class=\"wpb_text_column wpb_content_element \" >\n\t\t<div class=\"wpb_wrapper\">\n\t\t\t<h4>Utmaning:<\/h4>\n<p>Kund som har problem med en s\u00e4kerhetsplugg vid provtryckning av hydraulsystem vid slutkontroll av f\u00e4rdigmonterade bilar. I vissa fall l\u00f6ser pluggen ut och skjuter iv\u00e4g med h\u00f6g hastighet och kan f\u00f6rorsaka skador p\u00e5 personalen. Ett viktigt krav \u00e4r att materialet m\u00e5ste vara mycket genomsl\u00e4ppligt f\u00f6r luft men s\u00e5 starkt att det inte kan g\u00e5 s\u00f6nder av pluggen.<\/p>\n\n\t\t<\/div>\n\t<\/div>\n<\/div><\/div><\/div><div class=\"wpb_column vc_column_container vc_col-sm-3\"><div class=\"vc_column-inner\"><div class=\"wpb_wrapper\">\n\t<div class=\"wpb_text_column wpb_content_element \" >\n\t\t<div class=\"wpb_wrapper\">\n\t\t\t<h4>EQ-l\u00f6sning:<\/h4>\n<p>Vi tar fram en specialprodukt som v\u00e4l motsvarar de krav som st\u00e4lls. Materialet \u00e4r fr\u00e5n b\u00f6rjan avsett att skydda gr\u00e4set p\u00e5 golfbanor fr\u00e5n isbr\u00e4nna och p\u00e5skynda tillv\u00e4xten av gr\u00e4set p\u00e5 v\u00e5ren!<\/p>\n\n\t\t<\/div>\n\t<\/div>\n<\/div><\/div><\/div><div class=\"wpb_column vc_column_container vc_col-sm-3\"><div class=\"vc_column-inner\"><div class=\"wpb_wrapper\">\n\t<div class=\"wpb_text_column wpb_content_element \" >\n\t\t<div class=\"wpb_wrapper\">\n\t\t\t<h4>Resultat:<\/h4>\n<p>Produkten testas och godk\u00e4nnes. Provningar kan nu genomf\u00f6ras utan risk f\u00f6r personalen.<\/p>\n\n\t\t<\/div>\n\t<\/div>\n<\/div><\/div><\/div><div class=\"wpb_column vc_column_container vc_col-sm-3\"><div class=\"vc_column-inner\"><div class=\"wpb_wrapper\">\n\t<div class=\"wpb_text_column wpb_content_element \" >\n\t\t<div class=\"wpb_wrapper\">\n\t\t\t<p><img decoding=\"async\" loading=\"lazy\" class=\"alignnone size-medium wp-image-136\" src=\"http:\/\/mediaeqpack.eqpack.se.loopiadns.com\/2016\/05\/ref3-300x208.jpg\" alt=\"ref3\" width=\"300\" height=\"208\" srcset=\"http:\/\/mediaeqpack.eqpack.se\/2016\/05\/ref3-300x208.jpg 300w, http:\/\/mediaeqpack.eqpack.se\/2016\/05\/ref3.jpg 507w\" sizes=\"(max-width: 300px) 100vw, 300px\" \/><\/p>\n\n\t\t<\/div>\n\t<\/div>\n<\/div><\/div><\/div><\/div><div class=\"stripe stripe-style-4\" style=\"background-position: top;background-repeat: no-repeat;background-attachment: scroll;background-size: auto;padding-top: 0px;padding-bottom: 0px;margin-top: 50px;margin-bottom: 50px\"><div class=\"vc_row wpb_row vc_row-fluid\" style=\"\"><div class=\"wpb_column vc_column_container vc_col-sm-12 vc_col-has-fill\"><div class=\"vc_column-inner vc_custom_1463566728329\"><div class=\"wpb_wrapper\">\n\t<div class=\"wpb_text_column wpb_content_element \" >\n\t\t<div class=\"wpb_wrapper\">\n\t\t\t<h2>Inget trassel p\u00e5 tr\u00e5darna<\/h2>\n\n\t\t<\/div>\n\t<\/div>\n<\/div><\/div><\/div><div class=\"wpb_column vc_column_container vc_col-sm-3\"><div class=\"vc_column-inner\"><div class=\"wpb_wrapper\">\n\t<div class=\"wpb_text_column wpb_content_element \" >\n\t\t<div class=\"wpb_wrapper\">\n\t\t\t<h4>Utmaning:<\/h4>\n<p>Kunden har l\u00e5nga polyetenslangar f\u00f6r att dra elkablaget genom rambalken. Dessa \u00e4r ett eng\u00e5ngsemballage, f\u00f6rh\u00e5llandevis dyra i ink\u00f6p. Dessutom fastnar de i sm\u00e5 grader och oj\u00e4mnheter i balkarna vilket f\u00f6rsv\u00e5rar f\u00f6r monteringspersonalen samt risk f\u00f6r skador p\u00e5 kablaget.<\/p>\n\n\t\t<\/div>\n\t<\/div>\n<\/div><\/div><\/div><div class=\"wpb_column vc_column_container vc_col-sm-3\"><div class=\"vc_column-inner\"><div class=\"wpb_wrapper\">\n\t<div class=\"wpb_text_column wpb_content_element \" >\n\t\t<div class=\"wpb_wrapper\">\n\t\t\t<h4>EQ-l\u00f6sning:<\/h4>\n<p>Vi tar fram en l\u00f6sning baserad p\u00e5 ett tyg som \u00e4r avsett f\u00f6r air-bags till bilar, ett tyg med mycket h\u00f6ga kvalitetskrav.<\/p>\n\n\t\t<\/div>\n\t<\/div>\n<\/div><\/div><\/div><div class=\"wpb_column vc_column_container vc_col-sm-3\"><div class=\"vc_column-inner\"><div class=\"wpb_wrapper\">\n\t<div class=\"wpb_text_column wpb_content_element \" >\n\t\t<div class=\"wpb_wrapper\">\n\t\t\t<h4>Resultat:<\/h4>\n<p>Vi har nu under n\u00e4rmare tio \u00e5r levererat ett st\u00e4ndigt ut\u00f6kat sortiment av kablagep\u00e5sar till en mycket n\u00f6jd kund.<\/p>\n\n\t\t<\/div>\n\t<\/div>\n<\/div><\/div><\/div><div class=\"wpb_column vc_column_container vc_col-sm-3\"><div class=\"vc_column-inner\"><div class=\"wpb_wrapper\">\n\t<div class=\"wpb_text_column wpb_content_element \" >\n\t\t<div class=\"wpb_wrapper\">\n\t\t\t<p><img decoding=\"async\" loading=\"lazy\" class=\"alignnone size-medium wp-image-137\" src=\"http:\/\/mediaeqpack.eqpack.se.loopiadns.com\/2016\/05\/ref4-300x208.jpg\" alt=\"ref4\" width=\"300\" height=\"208\" srcset=\"http:\/\/mediaeqpack.eqpack.se\/2016\/05\/ref4-300x208.jpg 300w, http:\/\/mediaeqpack.eqpack.se\/2016\/05\/ref4.jpg 507w\" sizes=\"(max-width: 300px) 100vw, 300px\" \/><\/p>\n\n\t\t<\/div>\n\t<\/div>\n<\/div><\/div><\/div><\/div><\/div><div class=\"vc_row wpb_row vc_row-fluid dt-default\" style=\"margin-top: 0px;margin-bottom: 0px\"><div class=\"wpb_column vc_column_container vc_col-sm-12\"><div class=\"vc_column-inner\"><div class=\"wpb_wrapper\">\n\t<div class=\"wpb_text_column wpb_content_element \" >\n\t\t<div class=\"wpb_wrapper\">\n\t\t\t<h2 style=\"text-align: center;\">Kontakta oss och tala om vad ni beh\u00f6ver.<br \/>\nVi hittar l\u00f6sningar p\u00e5 de flesta emballageproblem.<\/h2>\n\n\t\t<\/div>\n\t<\/div>\n<\/div><\/div><\/div><\/div><div class=\"vc_row wpb_row vc_row-fluid dt-default\" style=\"margin-top: 0px;margin-bottom: 0px\"><div class=\"wpb_column vc_column_container vc_col-sm-12\"><div class=\"vc_column-inner\"><div class=\"wpb_wrapper\">\n\t<div class=\"wpb_text_column wpb_content_element \" >\n\t\t<div class=\"wpb_wrapper\">\n\t\t\t\n\t\t<\/div>\n\t<\/div>\n<\/div><\/div><\/div><\/div>\n","protected":false},"excerpt":{"rendered":"<p>Mer space med EQSpacer Utmaning: Att f\u00e5 ett b\u00e4ttre mellanl\u00e4gg med h\u00f6gre slitstyrka f\u00f6r att den skall kunna anv\u00e4ndas flera g\u00e5nger. EQ-l\u00f6sning: Byta ut foam mot non-woven och ha en tunnare wellskiva som k\u00e4rnmaterial. Ger en starkare, t\u00e5ligare och tunnare skiva! Resultat: F\u00f6rutom en skiva som kan \u00e5teranv\u00e4ndas flera g\u00e5nger har transport- och lagringskostnaderna minskat&hellip;<\/p>\n","protected":false},"author":1,"featured_media":0,"parent":0,"menu_order":0,"comment_status":"closed","ping_status":"closed","template":"","meta":[],"_links":{"self":[{"href":"https:\/\/eqpack.se\/sv_se\/wp-json\/wp\/v2\/pages\/22"}],"collection":[{"href":"https:\/\/eqpack.se\/sv_se\/wp-json\/wp\/v2\/pages"}],"about":[{"href":"https:\/\/eqpack.se\/sv_se\/wp-json\/wp\/v2\/types\/page"}],"author":[{"embeddable":true,"href":"https:\/\/eqpack.se\/sv_se\/wp-json\/wp\/v2\/users\/1"}],"replies":[{"embeddable":true,"href":"https:\/\/eqpack.se\/sv_se\/wp-json\/wp\/v2\/comments?post=22"}],"version-history":[{"count":14,"href":"https:\/\/eqpack.se\/sv_se\/wp-json\/wp\/v2\/pages\/22\/revisions"}],"predecessor-version":[{"id":568,"href":"https:\/\/eqpack.se\/sv_se\/wp-json\/wp\/v2\/pages\/22\/revisions\/568"}],"wp:attachment":[{"href":"https:\/\/eqpack.se\/sv_se\/wp-json\/wp\/v2\/media?parent=22"}],"curies":[{"name":"wp","href":"https:\/\/api.w.org\/{rel}","templated":true}]}}