{"id":435,"date":"2018-06-28T11:33:47","date_gmt":"2018-06-28T11:33:47","guid":{"rendered":"http:\/\/eqpack.se\/?page_id=435"},"modified":"2020-06-16T13:26:07","modified_gmt":"2020-06-16T13:26:07","slug":"insamling-av-data-samt-anvandning-av-cookies","status":"publish","type":"page","link":"https:\/\/eqpack.se\/sv_se\/insamling-av-data-samt-anvandning-av-cookies\/","title":{"rendered":"Insamling av data samt anv\u00e4ndning av cookies"},"content":{"rendered":"<div id=\"content\" class=\"content\" role=\"main\">\n<div id=\"content\" class=\"content\" role=\"main\">\n<h2>Insamling av data<\/h2>\n<p>Du kan anv\u00e4nda v\u00e5r webbplats utan att l\u00e4mna n\u00e5gra personuppgifter. Via ev. kontakt- och best\u00e4llningsformul\u00e4r p\u00e5 hemsidan har Du m\u00f6jlighet att st\u00e4lla fr\u00e5gor, best\u00e4lla information eller ta kontakt med oss. Vid beg\u00e4ran om kontakt ber vi Dig fylla i s\u00e5dan information som beh\u00f6vs f\u00f6r att tillgodose Din beg\u00e4ran samt f\u00f6r fortsatta kontakter i det aktuella \u00e4rendet, t ex namn, adress, telefonnummer e-postadress, eller andra personuppgifter. Du ger ditt samtycke till insamlingen via en kryssruta i formul\u00e4ret. Vi anv\u00e4nder personuppgifterna endast f\u00f6r att uppfylla det aktuella \u00e4ndam\u00e5let, t ex best\u00e4llningar, och f\u00f6r kontakter i det aktuella \u00e4rendet. Uppgifterna kan komma att l\u00e4mnas ut till v\u00e5ra samarbetspartners i de fall d\u00e5 en samarbetspartner engagerats f\u00f6r att administrera utskick av det aktuella materialet eller informationen, men kommer i \u00f6vrigt inte att l\u00e4mnas ut till annan.<\/p>\n<p><strong>H\u00e4vningsr\u00e4tt<br \/>\n<\/strong>Du har r\u00e4tt att n\u00e4r som helst dra tillbaka ditt medgivande att anv\u00e4nda dina personuppgifter i framtiden eller beg\u00e4ra r\u00e4ttelse av dina personuppgifter som vi behandlar. Kontakta oss om du vill g\u00f6ra en r\u00e4ttelse till:<\/p>\n<p><strong>EQpack AB<\/strong><br \/>\nPostadress:<br \/>\nBox 577, 631 08 Eskilstuna<\/p>\n<h2><strong>Hantering av personuppgifter, GDPR<\/strong><\/h2>\n<p>Vi hanterar alla uppgifter med integritet och l\u00e4mnar aldrig ut dem till tredje part, s\u00e5vida det inte finns ett legitimt sk\u00e4l. Ett s\u00e5dant sk\u00e4l kan vara att det kr\u00e4vs f\u00f6r att uppfylla kundens best\u00e4llning eller leverans.<\/p>\n<h2><strong>Cookies<\/strong><\/h2>\n<p>En cookie \u00e4r en kort textfil som lagras i din dator. Webbsidor anv\u00e4nder cookies f\u00f6r att komma ih\u00e5g dig och spara val du har gjort. \u00c4ven utan att vara inloggad kan d\u00e4rf\u00f6r en webbplats komma ih\u00e5g saker om dig n\u00e4sta g\u00e5ng du bes\u00f6ker webbplatsen och automatiskt fylla i formul\u00e4r med de svar du givit tidigare. Det \u00e4r bara webbplatsen som satt en cookie som kan l\u00e4sa sin egen cookie. Vi anv\u00e4nder tv\u00e5 typer av cookies, sessions-cookies och s\u00e5 kallade fasta cookies.<\/p>\n<p><strong>Att l\u00e4mna samtycke till cookies<br \/>\n<\/strong>\u00c4r din webbl\u00e4sare inst\u00e4lld p\u00e5 att till\u00e5ta cookies har du l\u00e4mnat ditt samtycke till att vi placerar cookies p\u00e5 din dator. Du kan ta tillbaka ditt samtycke genom att \u00e4ndra inst\u00e4llningar i webbl\u00e4saren.<\/p>\n<p><strong>Om du inte vill till\u00e5ta cookie<br \/>\n<\/strong>Om du inte vill till\u00e5ta anv\u00e4ndandet av cookies kan du st\u00e4nga av dessa i din webbl\u00e4sares inst\u00e4llningar. Du kan \u00e4ven st\u00e4lla in webbl\u00e4saren s\u00e5 att du f\u00e5r en varning varje g\u00e5ng webbplatsen f\u00f6rs\u00f6ker spara en cookie p\u00e5 din dator. Genom webbl\u00e4saren kan ocks\u00e5 tidigare lagrade cookies raderas. Se webbl\u00e4sarens hj\u00e4lpsidor f\u00f6r mer information om hur du g\u00f6r.<\/p>\n<p><strong>Nej till webbstatistik?<br \/>\n<\/strong>Om du inte vill att dina bes\u00f6k p\u00e5 v\u00e5r webbplats ska visas i statistiken i Google Analytics kan du installera ett till\u00e4gg i din webbl\u00e4sare. Till\u00e4gget finns f\u00f6r webbl\u00e4sarna Internet Explorer, Google Chrome, Mozilla Firefox, Apple Safari och Opera. Till\u00e4gget h\u00e4mtar du fr\u00e5n <a href=\"http:\/\/tools.google.com\/dlpage\/gaoptout\" target=\"_blank\" rel=\"noopener noreferrer\">Google<\/a> (informationen \u00e4r p\u00e5 engelska).<\/p>\n<p><strong>Sociala medier<br \/>\n<\/strong>Vi anv\u00e4nder oss ibland av Instagram samt l\u00e4nkar dit. Information om cookies f\u00f6r sociala medier finns h\u00e4r:<br \/>\n<a href=\"https:\/\/www.instagram.com\/legal\/cookies\/\" target=\"_blank\" rel=\"noopener noreferrer\">Cookies p\u00e5 Instgram (Engelska)<\/a><\/p>\n<h2><strong>Mer om cookies <\/strong><\/h2>\n<p><strong>Sessions-cookies<br \/>\n<\/strong>P\u00e5 v\u00e5r webbplats anv\u00e4nder vi mest sessions-cookies. De hj\u00e4lper oss att h\u00e5lla reda p\u00e5 och k\u00e4nna igen din webbl\u00e4sare. Det g\u00f6r att du kan anv\u00e4nda olika tj\u00e4nster p\u00e5 v\u00e5r webbplats som till exempel att r\u00e4kna ut vad en bilf\u00f6rs\u00e4kring kan kosta eller anv\u00e4nda tj\u00e4nsten Mina sidor. Sessions-cookies lagras inte permanent i din dator, de f\u00f6rsvinner n\u00e4r du st\u00e4nger din webbl\u00e4sare.<\/p>\n<p><strong>Fasta cookies<br \/>\n<\/strong>Vi anv\u00e4nder \u00e4ven s\u00e5 kallade fasta cookies. Det \u00e4r en kort textfil som g\u00f6r att webbplatsen k\u00e4nner igen dig vid ett \u00e5terbes\u00f6k. I den lagras information s\u00e5 att till exempel vissa meddelanden bara visas en g\u00e5ng. Fasta cookies lagras i din dator.<\/p>\n<p><strong>Tredjeparts cookies<br \/>\n<\/strong>Vi anv\u00e4nder \u00e4ven cookies och andra tekniker f\u00f6r trafikm\u00e4tning och beteendeanalys. Det ger oss m\u00f6jlighet att f\u00f6rb\u00e4ttra v\u00e5ra webbplatser och anpassa inneh\u00e5ll.<\/p>\n<h3>Inb\u00e4ddat inneh\u00e5ll fr\u00e5n andra webbplatser<\/h3>\n<p>Artiklar p\u00e5 denna webbplats kan inneh\u00e5lla inb\u00e4ddat inneh\u00e5ll (exempelvis videoklipp, bilder, artiklar o.s.v.). Inb\u00e4ddat inneh\u00e5ll fr\u00e5n andra webbplatser. Dessa webbplatser kan samla in uppgifter om dig, anv\u00e4nda cookie-filer, b\u00e4dda in ytterligare sp\u00e5rning fr\u00e5n tredje part och \u00f6vervaka din interaktion med sagda inb\u00e4ddade inneh\u00e5ll, inklusive sp\u00e5rning av din interaktion med detta inb\u00e4ddade inneh\u00e5ll om du har ett konto och \u00e4r inloggad p\u00e5 webbplatsen i fr\u00e5ga.<\/p>\n<\/div>\n<\/div>\n","protected":false},"excerpt":{"rendered":"<p>Insamling av data Du kan anv\u00e4nda v\u00e5r webbplats utan att l\u00e4mna n\u00e5gra personuppgifter. Via ev. kontakt- och best\u00e4llningsformul\u00e4r p\u00e5 hemsidan har Du m\u00f6jlighet att st\u00e4lla fr\u00e5gor, best\u00e4lla information eller ta kontakt med oss. Vid beg\u00e4ran om kontakt ber vi Dig fylla i s\u00e5dan information som beh\u00f6vs f\u00f6r att tillgodose Din beg\u00e4ran samt f\u00f6r fortsatta kontakter&hellip;<\/p>\n","protected":false},"author":1,"featured_media":0,"parent":0,"menu_order":0,"comment_status":"closed","ping_status":"closed","template":"","meta":[],"_links":{"self":[{"href":"https:\/\/eqpack.se\/sv_se\/wp-json\/wp\/v2\/pages\/435"}],"collection":[{"href":"https:\/\/eqpack.se\/sv_se\/wp-json\/wp\/v2\/pages"}],"about":[{"href":"https:\/\/eqpack.se\/sv_se\/wp-json\/wp\/v2\/types\/page"}],"author":[{"embeddable":true,"href":"https:\/\/eqpack.se\/sv_se\/wp-json\/wp\/v2\/users\/1"}],"replies":[{"embeddable":true,"href":"https:\/\/eqpack.se\/sv_se\/wp-json\/wp\/v2\/comments?post=435"}],"version-history":[{"count":4,"href":"https:\/\/eqpack.se\/sv_se\/wp-json\/wp\/v2\/pages\/435\/revisions"}],"predecessor-version":[{"id":752,"href":"https:\/\/eqpack.se\/sv_se\/wp-json\/wp\/v2\/pages\/435\/revisions\/752"}],"wp:attachment":[{"href":"https:\/\/eqpack.se\/sv_se\/wp-json\/wp\/v2\/media?parent=435"}],"curies":[{"name":"wp","href":"https:\/\/api.w.org\/{rel}","templated":true}]}}