{"id":708,"date":"2020-06-12T10:43:02","date_gmt":"2020-06-12T10:43:02","guid":{"rendered":"https:\/\/eqpack.se\/?page_id=708"},"modified":"2022-05-04T15:10:49","modified_gmt":"2022-05-04T15:10:49","slug":"konsumentforpackningar","status":"publish","type":"page","link":"https:\/\/eqpack.se\/sv_se\/konsumentforpackningar\/","title":{"rendered":"Konsumentf\u00f6rpackningar"},"content":{"rendered":"<div class=\"vc_row wpb_row vc_row-fluid dt-default\" style=\"margin-top: 0px;margin-bottom: 0px\"><div class=\"wpb_column vc_column_container vc_col-sm-12\"><div class=\"vc_column-inner\"><div class=\"wpb_wrapper\"><div class=\"dt-fancy-separator\" style=\"width: 100%;\"><div class=\"dt-fancy-title\"><span class=\"separator-holder separator-left\"><\/span>Konsumentf\u00f6rpackningar<span class=\"separator-holder separator-right\"><\/span><\/div><\/div><\/div><\/div><\/div><\/div><div class=\"vc_row wpb_row vc_row-fluid dt-default\" style=\"margin-top: 0px;margin-bottom: 0px\"><div class=\"wpb_column vc_column_container vc_col-sm-12\"><div class=\"vc_column-inner\"><div class=\"wpb_wrapper\"><\/p>\n<p><\/div><\/div><\/div><\/div><div class=\"vc_row wpb_row vc_row-fluid dt-default\" style=\"margin-top: 0px;margin-bottom: 0px\"><div class=\"wpb_column vc_column_container vc_col-sm-6\"><div class=\"vc_column-inner\"><div class=\"wpb_wrapper\">\n\t<div class=\"wpb_text_column wpb_content_element \" >\n\t\t<div class=\"wpb_wrapper\">\n\t\t\t<p>Genom dotterbolaget <strong>EQpack Asia ltd<\/strong> i Hong kong kan vi erbjuda alla t\u00e4nkbara typer av konsumentf\u00f6rpackningar, designade och konstruerade av v\u00e5r personal p\u00e5 <strong>EQpack<\/strong>. Typer av f\u00f6rpackningar vi kan erbjuda \u00e4r bl. a. well\u00e5dor, kartongkapslar, flextryckta p\u00e5sar, presentf\u00f6rpackningar och alla typer av plastf\u00f6rpackningar. <strong>EQpack Asia ltd<\/strong> har varit etablerade p\u00e5 den asiatiska marknaden i \u00f6ver 15 \u00e5r och har ett mycket stort och utvecklat kontaktn\u00e4t n\u00e4r det g\u00e4ller alla typer av f\u00f6rpackningar. Vidare kan vi genom v\u00e5ra logistikpartners ocks\u00e5 ta hand om hela fraktproceduren med tullhandlingar, frakts\u00e4tt, lagring och distribution. Du som kund f\u00e5r en kontakt p\u00e5 <strong>EQpack<\/strong> i Sverige som handhar hela projektet fr\u00e5n start till m\u00e5l.<\/p>\n\n\t\t<\/div>\n\t<\/div>\n<\/div><\/div><\/div><div class=\"wpb_column vc_column_container vc_col-sm-6\"><div class=\"vc_column-inner\"><div class=\"wpb_wrapper\">\n\t<div class=\"wpb_text_column wpb_content_element \" >\n\t\t<div class=\"wpb_wrapper\">\n\t\t\t<p><img decoding=\"async\" loading=\"lazy\" class=\"wp-image-1011  aligncenter\" src=\"http:\/\/mediaeqpack.eqpack.se\/2021\/11\/EQ_logga_MED-ASIA-LTD-01-300x150.png\" alt=\"\" width=\"438\" height=\"219\" srcset=\"http:\/\/mediaeqpack.eqpack.se\/2021\/11\/EQ_logga_MED-ASIA-LTD-01-300x150.png 300w, http:\/\/mediaeqpack.eqpack.se\/2021\/11\/EQ_logga_MED-ASIA-LTD-01-1024x513.png 1024w, http:\/\/mediaeqpack.eqpack.se\/2021\/11\/EQ_logga_MED-ASIA-LTD-01-1536x770.png 1536w, http:\/\/mediaeqpack.eqpack.se\/2021\/11\/EQ_logga_MED-ASIA-LTD-01-2048x1026.png 2048w, http:\/\/mediaeqpack.eqpack.se\/2021\/11\/EQ_logga_MED-ASIA-LTD-01-18x9.png 18w\" sizes=\"(max-width: 438px) 100vw, 438px\" \/><\/p>\n\n\t\t<\/div>\n\t<\/div>\n<\/div><\/div><\/div><div class=\"wpb_column vc_column_container 1\"><div class=\"vc_column-inner\"><div class=\"wpb_wrapper\">\n\t<div class=\"wpb_text_column wpb_content_element \" >\n\t\t<div class=\"wpb_wrapper\">\n\t\t\t\n\t\t<\/div>\n\t<\/div>\n<p><\/div><\/div><\/div><\/div>\n<div class=\"hr-thin\"><\/div>\n","protected":false},"excerpt":{"rendered":"<p>Konsumentf\u00f6rpackningar Genom dotterbolaget EQpack Asia ltd i Hong kong kan vi erbjuda alla t\u00e4nkbara typer av konsumentf\u00f6rpackningar, designade och konstruerade av v\u00e5r personal p\u00e5 EQpack. Typer av f\u00f6rpackningar vi kan erbjuda \u00e4r bl. a. well\u00e5dor, kartongkapslar, flextryckta p\u00e5sar, presentf\u00f6rpackningar och alla typer av plastf\u00f6rpackningar. EQpack Asia ltd har varit etablerade p\u00e5 den asiatiska marknaden i&hellip;<\/p>\n","protected":false},"author":2,"featured_media":0,"parent":0,"menu_order":0,"comment_status":"closed","ping_status":"closed","template":"","meta":[],"_links":{"self":[{"href":"https:\/\/eqpack.se\/sv_se\/wp-json\/wp\/v2\/pages\/708"}],"collection":[{"href":"https:\/\/eqpack.se\/sv_se\/wp-json\/wp\/v2\/pages"}],"about":[{"href":"https:\/\/eqpack.se\/sv_se\/wp-json\/wp\/v2\/types\/page"}],"author":[{"embeddable":true,"href":"https:\/\/eqpack.se\/sv_se\/wp-json\/wp\/v2\/users\/2"}],"replies":[{"embeddable":true,"href":"https:\/\/eqpack.se\/sv_se\/wp-json\/wp\/v2\/comments?post=708"}],"version-history":[{"count":16,"href":"https:\/\/eqpack.se\/sv_se\/wp-json\/wp\/v2\/pages\/708\/revisions"}],"predecessor-version":[{"id":1031,"href":"https:\/\/eqpack.se\/sv_se\/wp-json\/wp\/v2\/pages\/708\/revisions\/1031"}],"wp:attachment":[{"href":"https:\/\/eqpack.se\/sv_se\/wp-json\/wp\/v2\/media?parent=708"}],"curies":[{"name":"wp","href":"https:\/\/api.w.org\/{rel}","templated":true}]}}