{"id":783,"date":"2020-06-17T11:47:36","date_gmt":"2020-06-17T11:47:36","guid":{"rendered":"https:\/\/eqpack.se\/?page_id=783"},"modified":"2025-01-27T11:11:20","modified_gmt":"2025-01-27T11:11:20","slug":"miljo","status":"publish","type":"page","link":"https:\/\/eqpack.se\/sv_se\/miljo\/","title":{"rendered":"Milj\u00f6"},"content":{"rendered":"<h3>Kvalitetsarbete ger b\u00e4ttre resultat<\/h3>\n<p>F\u00f6r oss \u00e4r det viktigt att alltid erbjuda b\u00e4sta m\u00f6jliga produkter till v\u00e5ra kunder. Men det \u00e4r minst lika viktigt att v\u00e5r personal m\u00e5r bra och k\u00e4nner sig trygga.<\/p>\n<p>V\u00e5rt kvalitetsarbete utg\u00e5r fr\u00e5n SS-EN ISO9001, ett integrerat ledningssystem f\u00f6r kvalitet. Med systemet kan vi f\u00f6lja en orders v\u00e4g genom organisationen, fr\u00e5n offert till avslutad aff\u00e4r. P\u00e5 s\u00e5 s\u00e4tt s\u00e4krar vi att resultatet blir det b\u00e4sta m\u00f6jliga f\u00f6r s\u00e5v\u00e4l kunder som personal.<\/p>\n<div class=\"wpb_column vc_column_container vc_col-sm-6\"><div class=\"vc_column-inner\"><div class=\"wpb_wrapper\">\n\t<div class=\"wpb_text_column wpb_content_element \" >\n\t\t<div class=\"wpb_wrapper\">\n\t\t\t<p><a href=\"https:\/\/eqpack.se\/miljo\/kvalitetspolicy-2\/\"><img decoding=\"async\" loading=\"lazy\" class=\"alignnone wp-image-1090\" src=\"http:\/\/mediaeqpack.eqpack.se\/2025\/01\/kvalitetspolicy-1-212x300.jpg\" alt=\"\" width=\"467\" height=\"661\" srcset=\"http:\/\/mediaeqpack.eqpack.se\/2025\/01\/kvalitetspolicy-1-212x300.jpg 212w, http:\/\/mediaeqpack.eqpack.se\/2025\/01\/kvalitetspolicy-1-725x1024.jpg 725w, http:\/\/mediaeqpack.eqpack.se\/2025\/01\/kvalitetspolicy-1-1087x1536.jpg 1087w, http:\/\/mediaeqpack.eqpack.se\/2025\/01\/kvalitetspolicy-1-1450x2048.jpg 1450w, http:\/\/mediaeqpack.eqpack.se\/2025\/01\/kvalitetspolicy-1-8x12.jpg 8w, http:\/\/mediaeqpack.eqpack.se\/2025\/01\/kvalitetspolicy-1-scaled.jpg 1812w\" sizes=\"(max-width: 467px) 100vw, 467px\" \/><\/a><\/p>\n\n\t\t<\/div>\n\t<\/div>\n<\/div><\/div><\/div><div class=\"wpb_column vc_column_container vc_col-sm-6\"><div class=\"vc_column-inner\"><div class=\"wpb_wrapper\">\n\t<div class=\"wpb_text_column wpb_content_element \" >\n\t\t<div class=\"wpb_wrapper\">\n\t\t\t<p><a href=\"https:\/\/eqpack.se\/miljo\/miljopolicy-2\/\"><img decoding=\"async\" loading=\"lazy\" class=\"alignnone wp-image-1089\" src=\"http:\/\/mediaeqpack.eqpack.se\/2025\/01\/miljopolicy-1-212x300.jpg\" alt=\"\" width=\"467\" height=\"661\" srcset=\"http:\/\/mediaeqpack.eqpack.se\/2025\/01\/miljopolicy-1-212x300.jpg 212w, http:\/\/mediaeqpack.eqpack.se\/2025\/01\/miljopolicy-1-725x1024.jpg 725w, http:\/\/mediaeqpack.eqpack.se\/2025\/01\/miljopolicy-1-1087x1536.jpg 1087w, http:\/\/mediaeqpack.eqpack.se\/2025\/01\/miljopolicy-1-1450x2048.jpg 1450w, http:\/\/mediaeqpack.eqpack.se\/2025\/01\/miljopolicy-1-8x12.jpg 8w, http:\/\/mediaeqpack.eqpack.se\/2025\/01\/miljopolicy-1-scaled.jpg 1812w\" sizes=\"(max-width: 467px) 100vw, 467px\" \/><\/a><\/p>\n\n\t\t<\/div>\n\t<\/div>\n<\/div><\/div><\/div><div class=\"wpb_column vc_column_container vc_col-sm-12\"><div class=\"vc_column-inner\"><div class=\"wpb_wrapper\">\n\t<div class=\"wpb_text_column wpb_content_element \" >\n\t\t<div class=\"wpb_wrapper\">\n\t\t\t<div class=\"dt-fancy-separator\" style=\"width: 100%;\"><div class=\"dt-fancy-title\"><span class=\"separator-holder separator-left\"><\/span>Cirkul\u00e4ra fl\u00f6den:<span class=\"separator-holder separator-right\"><\/span><\/div><\/div><div class=\"vc_row wpb_row vc_row-fluid dt-default\" style=\"margin-top: 0px;margin-bottom: 0px\"><\/div><div class=\"wpb_column vc_column_container vc_col-sm-12\"><div class=\"vc_column-inner\"><div class=\"wpb_wrapper\"><\/div><\/div><\/div>\n\t<div class=\"wpb_text_column wpb_content_element \" >\n\t\t<div class=\"wpb_wrapper\">\n\t\t\t\n\t\t<\/div>\n\t<\/div>\n\n\t\t<\/div>\n\t<\/div>\n<\/div><\/div><\/div><div class=\"wpb_column vc_column_container vc_col-sm-6\"><div class=\"vc_column-inner\"><div class=\"wpb_wrapper\">\n\t<div class=\"wpb_text_column wpb_content_element \" >\n\t\t<div class=\"wpb_wrapper\">\n\t\t\t<p>En animation om hur vi arbetar med foam i ett cirkul\u00e4rt fl\u00f6de.<\/p>\n\n\t\t<\/div>\n\t<\/div>\n<\/div><\/div><\/div><div class=\"wpb_column vc_column_container vc_col-sm-6\"><div class=\"vc_column-inner\"><div class=\"wpb_wrapper\">\n\t<div class=\"wpb_text_column wpb_content_element \" >\n\t\t<div class=\"wpb_wrapper\">\n\t\t\t<br \/>\n<\/p>\n<div style=\"width: 1200px;\" class=\"wp-video\"><!--[if lt IE 9]><script>document.createElement('video');<\/script><![endif]-->\n<video class=\"wp-video-shortcode\" id=\"video-783-1\" width=\"1200\" height=\"675\" poster=\"http:\/\/mediaeqpack.eqpack.se\/2020\/06\/foam.f\u00f6rhandsbild.png\" preload=\"metadata\" controls=\"controls\"><source type=\"video\/mp4\" src=\"http:\/\/mediaeqpack.eqpack.se\/2020\/06\/foam-ring.svenska.comp_.mp4?_=1\" \/><a href=\"http:\/\/mediaeqpack.eqpack.se\/2020\/06\/foam-ring.svenska.comp_.mp4\">http:\/\/mediaeqpack.eqpack.se\/2020\/06\/foam-ring.svenska.comp_.mp4<\/a><\/video><\/div>\n<p><\/p>\n\n\t\t<\/div>\n\t<\/div>\n<\/div><\/div><\/div><div class=\"wpb_column vc_column_container vc_col-sm-6\"><div class=\"vc_column-inner\"><div class=\"wpb_wrapper\">\n\t<div class=\"wpb_text_column wpb_content_element \" >\n\t\t<div class=\"wpb_wrapper\">\n\t\t\t<p>En animation om hur vi arbetar med vacuum format i ett cirkul\u00e4rt fl\u00f6de.<\/p>\n\n\t\t<\/div>\n\t<\/div>\n<\/div><\/div><\/div><div class=\"wpb_column vc_column_container vc_col-sm-6\"><div class=\"vc_column-inner\"><div class=\"wpb_wrapper\">\n\t<div class=\"wpb_text_column wpb_content_element \" >\n\t\t<div class=\"wpb_wrapper\">\n\t\t\t<br \/>\n<\/p>\n<div style=\"width: 1200px;\" class=\"wp-video\"><video class=\"wp-video-shortcode\" id=\"video-783-2\" width=\"1200\" height=\"675\" poster=\"http:\/\/mediaeqpack.eqpack.se\/2020\/06\/vakuumformat.f\u00f6rhandsbild_Rityta-1.png\" preload=\"metadata\" controls=\"controls\"><source type=\"video\/mp4\" src=\"http:\/\/mediaeqpack.eqpack.se\/2020\/06\/vacuum-forming1.svenska.comp_.mp4?_=2\" \/><a href=\"http:\/\/mediaeqpack.eqpack.se\/2020\/06\/vacuum-forming1.svenska.comp_.mp4\">http:\/\/mediaeqpack.eqpack.se\/2020\/06\/vacuum-forming1.svenska.comp_.mp4<\/a><\/video><\/div>\n<p><\/p>\n\n\t\t<\/div>\n\t<\/div>\n<\/div><\/div><\/div><div class=\"wpb_column vc_column_container vc_col-sm-6\"><div class=\"vc_column-inner\"><div class=\"wpb_wrapper\">\n\t<div class=\"wpb_text_column wpb_content_element \" >\n\t\t<div class=\"wpb_wrapper\">\n\t\t\t<p>En animation om hur vi arbetar med Kanalplast i ett \u00f6ppet fl\u00f6de.<\/p>\n\n\t\t<\/div>\n\t<\/div>\n<\/div><\/div><\/div><div class=\"wpb_column vc_column_container vc_col-sm-6\"><div class=\"vc_column-inner\"><div class=\"wpb_wrapper\">\n\t<div class=\"wpb_text_column wpb_content_element \" >\n\t\t<div class=\"wpb_wrapper\">\n\t\t\t<br \/>\n<\/p>\n<div style=\"width: 1200px;\" class=\"wp-video\"><video class=\"wp-video-shortcode\" id=\"video-783-3\" width=\"1200\" height=\"675\" poster=\"http:\/\/mediaeqpack.eqpack.se\/2020\/06\/kanalplast.f\u00f6rhandsbild_Rityta-1.png\" preload=\"metadata\" controls=\"controls\"><source type=\"video\/mp4\" src=\"http:\/\/mediaeqpack.eqpack.se\/2020\/06\/kanalplast-open-loop.svenska.comp_.mp4?_=3\" \/><a href=\"http:\/\/mediaeqpack.eqpack.se\/2020\/06\/kanalplast-open-loop.svenska.comp_.mp4\">http:\/\/mediaeqpack.eqpack.se\/2020\/06\/kanalplast-open-loop.svenska.comp_.mp4<\/a><\/video><\/div>\n<p><\/p>\n\n\t\t<\/div>\n\t<\/div>\n<\/div><\/div><\/div><div class=\"wpb_column vc_column_container vc_col-sm-6\"><div class=\"vc_column-inner\"><div class=\"wpb_wrapper\"><\/div><\/div><\/div>\n\t<div class=\"wpb_text_column wpb_content_element \" >\n\t\t<div class=\"wpb_wrapper\">\n\t\t\t\n\t\t<\/div>\n\t<\/div>\n","protected":false},"excerpt":{"rendered":"<p>Kvalitetsarbete ger b\u00e4ttre resultat F\u00f6r oss \u00e4r det viktigt att alltid erbjuda b\u00e4sta m\u00f6jliga produkter till v\u00e5ra kunder. Men det \u00e4r minst lika viktigt att v\u00e5r personal m\u00e5r bra och k\u00e4nner sig trygga. V\u00e5rt kvalitetsarbete utg\u00e5r fr\u00e5n SS-EN ISO9001, ett integrerat ledningssystem f\u00f6r kvalitet. Med systemet kan vi f\u00f6lja en orders v\u00e4g genom organisationen, fr\u00e5n&hellip;<\/p>\n","protected":false},"author":2,"featured_media":0,"parent":0,"menu_order":0,"comment_status":"closed","ping_status":"closed","template":"","meta":[],"_links":{"self":[{"href":"https:\/\/eqpack.se\/sv_se\/wp-json\/wp\/v2\/pages\/783"}],"collection":[{"href":"https:\/\/eqpack.se\/sv_se\/wp-json\/wp\/v2\/pages"}],"about":[{"href":"https:\/\/eqpack.se\/sv_se\/wp-json\/wp\/v2\/types\/page"}],"author":[{"embeddable":true,"href":"https:\/\/eqpack.se\/sv_se\/wp-json\/wp\/v2\/users\/2"}],"replies":[{"embeddable":true,"href":"https:\/\/eqpack.se\/sv_se\/wp-json\/wp\/v2\/comments?post=783"}],"version-history":[{"count":12,"href":"https:\/\/eqpack.se\/sv_se\/wp-json\/wp\/v2\/pages\/783\/revisions"}],"predecessor-version":[{"id":1095,"href":"https:\/\/eqpack.se\/sv_se\/wp-json\/wp\/v2\/pages\/783\/revisions\/1095"}],"wp:attachment":[{"href":"https:\/\/eqpack.se\/sv_se\/wp-json\/wp\/v2\/media?parent=783"}],"curies":[{"name":"wp","href":"https:\/\/api.w.org\/{rel}","templated":true}]}}